{"id":8,"date":"2016-06-21T06:42:09","date_gmt":"2016-06-21T06:42:09","guid":{"rendered":"http:\/\/galaxias.codibee.solutions\/location\/"},"modified":"2019-04-17T09:23:11","modified_gmt":"2019-04-17T06:23:11","slug":"rhodes-town","status":"publish","type":"page","link":"https:\/\/www.galaxias.net.gr\/it\/rhodes-town\/","title":{"rendered":"Ubicazione"},"content":{"rendered":"<p>Il Galaxias Hotel a Rodi \u00e8 situato in un punto focale della citt\u00e0 di Rodi.<br \/>\nLungo un\u2019importante strada commerciale, vicino a filiali bancarie, caff\u00e8, negozi di tutti i tipi, grossi supermercati, ecc.<br \/>\n\u00c8 molto vicino alla Chiesa Cattolica di San Francesco, alla Citt\u00e0 Medievale ed all\u2019Antica Acropoli, l\u2019Antico Stadio di Diagora ed il Tempio dell\u2019Antico dio Apollo,  i luoghi storici pi\u00f9 importanti nella citt\u00e0 di Rodi.<br \/>\nL\u2019ubicazione \u00e8 molto comoda per chi vuole visitare questi luoghi, anche a piedi<br \/>\nIdeale anche per chi vuole usare l\u2019auto o la bici e desidera muoversi facilmente, desiderando, nel contempo, di trovarsi in una strada commerciale della citt\u00e0.<br \/>\nDal Galaxias ci si pu\u00f2 muovere molto facilmente per prendere le due grandi strade dell\u2019isola: 1. la strada che conduce a Lindos e la parte meridionale di Rodi, e 2. la strada che conduce all\u2019Aeroporto ed a Kamiros.<br \/>\nSebbene l\u2019Hotel Galaxias sia situato lungo una rilevante strada commerciale della citt\u00e0 di Rodi, il parcheggio per l\u2019auto o la bici \u00e8 facile da trovare. Si pu\u00f2 parcheggiare liberamente e gratuitamente proprio fuori l\u2019albergo. Inoltre, a soli 50 metri di distanza, esiste un\u2019enorme area adibita a parcheggio gratuito.<br \/>\nDa aggiungere, che il punto in cui sorge l\u2019hotel \u00e8 ideale per chi non desidera essere disturbato di notte dai night bar e dalla musica, pur essendo su di una strada centrale della citt\u00e0.<br \/>\nGli appassionati di nuoto, possono visitare le migliori spiagge dell\u2019isola, famose in tutto il mondo, prendendo l\u2019autobus extraurbano alla fermata situata ad appena 5 minuti di percorso a piedi. Acque cristalline e spiagge di ogni tipo: spiagge con sabbia, rocce, sassolini, tranquille, affollate, piene di atmosfera; con bar, caff\u00e8, ristoranti, musica: Kallithea, Faliraki, Anthony Quinn, Traganou, Tsampika, Agathi, Lindos e tante altre ancora.<br \/>\nIl Galaxias \u00e8 anche molto vicino al Centro Sportivo Venetoklio e, con i mezzi di trasporto pubblici urbani, all\u2019Ospedale di Rodi.<br \/>\nLa fermata degli autobus urbani si trova quasi fuori l\u2019albergo, ad appena 30 m di distanza.<br \/>\nPer muoversi pi\u00f9 velocemente all\u2019interno della citt\u00e0 di Rodi, basta prendere un taxi per un costo di circa 5-6 euro. La stazione dei taxi dista circa 100 m dall\u2019hotel.<\/p>\n<br><br><div class=\"gallery clearfix\"><div class=\"grid-sizer\"><\/div><dl class=\"gallery-item\"><dt class=\"gallery-icon\"><a href=\"https:\/\/www.galaxias.net.gr\/wp-content\/uploads\/sites\/77\/2016\/06\/Location-Galaxias-Lindos-Castle-1024x682.jpg\"><img loading=\"lazy\" decoding=\"async\" width=\"320\" height=\"213\" src=\"https:\/\/www.galaxias.net.gr\/wp-content\/uploads\/sites\/77\/2016\/06\/Location-Galaxias-Lindos-Castle-320x213.jpg\" class=\"attachment-small-mobile size-small-mobile\" alt=\"Location Galaxias the Greek monument of Lindos Castle on Rhodes Island\" srcset=\"https:\/\/www.galaxias.net.gr\/wp-content\/uploads\/sites\/77\/2016\/06\/Location-Galaxias-Lindos-Castle-320x213.jpg 320w, https:\/\/www.galaxias.net.gr\/wp-content\/uploads\/sites\/77\/2016\/06\/Location-Galaxias-Lindos-Castle-300x200.jpg 300w, https:\/\/www.galaxias.net.gr\/wp-content\/uploads\/sites\/77\/2016\/06\/Location-Galaxias-Lindos-Castle-1024x682.jpg 1024w, https:\/\/www.galaxias.net.gr\/wp-content\/uploads\/sites\/77\/2016\/06\/Location-Galaxias-Lindos-Castle-1280x853.jpg 1280w, https:\/\/www.galaxias.net.gr\/wp-content\/uploads\/sites\/77\/2016\/06\/Location-Galaxias-Lindos-Castle-680x453.jpg 680w, https:\/\/www.galaxias.net.gr\/wp-content\/uploads\/sites\/77\/2016\/06\/Location-Galaxias-Lindos-Castle-1920x1280.jpg 1920w\" sizes=\"auto, (max-width: 320px) 100vw, 320px\" \/><\/a><\/dt><\/dl><dl class=\"gallery-item\"><dt class=\"gallery-icon\"><a href=\"https:\/\/www.galaxias.net.gr\/wp-content\/uploads\/sites\/77\/2016\/06\/Distances-Galaxias-Acropolis-of-Rhodes-1024x682.jpg\"><img loading=\"lazy\" decoding=\"async\" width=\"320\" height=\"213\" src=\"https:\/\/www.galaxias.net.gr\/wp-content\/uploads\/sites\/77\/2016\/06\/Distances-Galaxias-Acropolis-of-Rhodes-320x213.jpg\" class=\"attachment-small-mobile size-small-mobile\" alt=\"Distances Galaxias the Acropolis monument of Rhodes Island\" srcset=\"https:\/\/www.galaxias.net.gr\/wp-content\/uploads\/sites\/77\/2016\/06\/Distances-Galaxias-Acropolis-of-Rhodes-320x213.jpg 320w, https:\/\/www.galaxias.net.gr\/wp-content\/uploads\/sites\/77\/2016\/06\/Distances-Galaxias-Acropolis-of-Rhodes-300x200.jpg 300w, https:\/\/www.galaxias.net.gr\/wp-content\/uploads\/sites\/77\/2016\/06\/Distances-Galaxias-Acropolis-of-Rhodes-1024x682.jpg 1024w, https:\/\/www.galaxias.net.gr\/wp-content\/uploads\/sites\/77\/2016\/06\/Distances-Galaxias-Acropolis-of-Rhodes-1280x853.jpg 1280w, https:\/\/www.galaxias.net.gr\/wp-content\/uploads\/sites\/77\/2016\/06\/Distances-Galaxias-Acropolis-of-Rhodes-680x453.jpg 680w, https:\/\/www.galaxias.net.gr\/wp-content\/uploads\/sites\/77\/2016\/06\/Distances-Galaxias-Acropolis-of-Rhodes-1920x1280.jpg 1920w\" sizes=\"auto, (max-width: 320px) 100vw, 320px\" \/><\/a><\/dt><\/dl><dl class=\"gallery-item\"><dt class=\"gallery-icon\"><a href=\"https:\/\/www.galaxias.net.gr\/wp-content\/uploads\/sites\/77\/2016\/06\/Location-Galaxias-Rodini-Park-1024x682.jpg\"><img loading=\"lazy\" decoding=\"async\" width=\"320\" height=\"213\" src=\"https:\/\/www.galaxias.net.gr\/wp-content\/uploads\/sites\/77\/2016\/06\/Location-Galaxias-Rodini-Park-320x213.jpg\" class=\"attachment-small-mobile size-small-mobile\" alt=\"Location Galaxias Rodini Park is a landmark of Rhodes Island\" srcset=\"https:\/\/www.galaxias.net.gr\/wp-content\/uploads\/sites\/77\/2016\/06\/Location-Galaxias-Rodini-Park-320x213.jpg 320w, https:\/\/www.galaxias.net.gr\/wp-content\/uploads\/sites\/77\/2016\/06\/Location-Galaxias-Rodini-Park-300x200.jpg 300w, https:\/\/www.galaxias.net.gr\/wp-content\/uploads\/sites\/77\/2016\/06\/Location-Galaxias-Rodini-Park-1024x682.jpg 1024w, https:\/\/www.galaxias.net.gr\/wp-content\/uploads\/sites\/77\/2016\/06\/Location-Galaxias-Rodini-Park-1280x853.jpg 1280w, https:\/\/www.galaxias.net.gr\/wp-content\/uploads\/sites\/77\/2016\/06\/Location-Galaxias-Rodini-Park-680x453.jpg 680w, https:\/\/www.galaxias.net.gr\/wp-content\/uploads\/sites\/77\/2016\/06\/Location-Galaxias-Rodini-Park-1920x1280.jpg 1920w\" sizes=\"auto, (max-width: 320px) 100vw, 320px\" \/><\/a><\/dt><\/dl><dl class=\"gallery-item\"><dt class=\"gallery-icon\"><a href=\"https:\/\/www.galaxias.net.gr\/wp-content\/uploads\/sites\/77\/2016\/06\/Location-Galaxias-Medieval-Town-1024x682.jpg\"><img loading=\"lazy\" decoding=\"async\" width=\"320\" height=\"213\" src=\"https:\/\/www.galaxias.net.gr\/wp-content\/uploads\/sites\/77\/2016\/06\/Location-Galaxias-Medieval-Town-320x213.jpg\" class=\"attachment-small-mobile size-small-mobile\" alt=\"Location Galaxias Exploring the picturesque Medieval Town of Rhodes Island\" srcset=\"https:\/\/www.galaxias.net.gr\/wp-content\/uploads\/sites\/77\/2016\/06\/Location-Galaxias-Medieval-Town-320x213.jpg 320w, https:\/\/www.galaxias.net.gr\/wp-content\/uploads\/sites\/77\/2016\/06\/Location-Galaxias-Medieval-Town-300x200.jpg 300w, https:\/\/www.galaxias.net.gr\/wp-content\/uploads\/sites\/77\/2016\/06\/Location-Galaxias-Medieval-Town-1024x682.jpg 1024w, https:\/\/www.galaxias.net.gr\/wp-content\/uploads\/sites\/77\/2016\/06\/Location-Galaxias-Medieval-Town-1280x853.jpg 1280w, https:\/\/www.galaxias.net.gr\/wp-content\/uploads\/sites\/77\/2016\/06\/Location-Galaxias-Medieval-Town-680x453.jpg 680w, https:\/\/www.galaxias.net.gr\/wp-content\/uploads\/sites\/77\/2016\/06\/Location-Galaxias-Medieval-Town-1920x1280.jpg 1920w\" sizes=\"auto, (max-width: 320px) 100vw, 320px\" \/><\/a><\/dt><\/dl><dl class=\"gallery-item\"><dt class=\"gallery-icon\"><a href=\"https:\/\/www.galaxias.net.gr\/wp-content\/uploads\/sites\/77\/2016\/06\/Location-Galaxias-Grand-Master-Palace-1024x682.jpg\"><img loading=\"lazy\" decoding=\"async\" width=\"320\" height=\"213\" src=\"https:\/\/www.galaxias.net.gr\/wp-content\/uploads\/sites\/77\/2016\/06\/Location-Galaxias-Grand-Master-Palace-320x213.jpg\" class=\"attachment-small-mobile size-small-mobile\" alt=\"Location Galaxias the Palace of the Grand Master of the Knights of Rhodes\" srcset=\"https:\/\/www.galaxias.net.gr\/wp-content\/uploads\/sites\/77\/2016\/06\/Location-Galaxias-Grand-Master-Palace-320x213.jpg 320w, https:\/\/www.galaxias.net.gr\/wp-content\/uploads\/sites\/77\/2016\/06\/Location-Galaxias-Grand-Master-Palace-300x200.jpg 300w, https:\/\/www.galaxias.net.gr\/wp-content\/uploads\/sites\/77\/2016\/06\/Location-Galaxias-Grand-Master-Palace-1024x682.jpg 1024w, https:\/\/www.galaxias.net.gr\/wp-content\/uploads\/sites\/77\/2016\/06\/Location-Galaxias-Grand-Master-Palace-1280x853.jpg 1280w, https:\/\/www.galaxias.net.gr\/wp-content\/uploads\/sites\/77\/2016\/06\/Location-Galaxias-Grand-Master-Palace-680x453.jpg 680w, https:\/\/www.galaxias.net.gr\/wp-content\/uploads\/sites\/77\/2016\/06\/Location-Galaxias-Grand-Master-Palace-1920x1280.jpg 1920w\" sizes=\"auto, (max-width: 320px) 100vw, 320px\" \/><\/a><\/dt><\/dl><dl class=\"gallery-item\"><dt class=\"gallery-icon\"><a href=\"https:\/\/www.galaxias.net.gr\/wp-content\/uploads\/sites\/77\/2016\/06\/Location-Galaxias-Mandraki-Harbour-1024x683.jpg\"><img loading=\"lazy\" decoding=\"async\" width=\"320\" height=\"213\" src=\"https:\/\/www.galaxias.net.gr\/wp-content\/uploads\/sites\/77\/2016\/06\/Location-Galaxias-Mandraki-Harbour-320x213.jpg\" class=\"attachment-small-mobile size-small-mobile\" alt=\"Location Galaxias Mandraki famous Port of Rhodes Island\" srcset=\"https:\/\/www.galaxias.net.gr\/wp-content\/uploads\/sites\/77\/2016\/06\/Location-Galaxias-Mandraki-Harbour-320x213.jpg 320w, https:\/\/www.galaxias.net.gr\/wp-content\/uploads\/sites\/77\/2016\/06\/Location-Galaxias-Mandraki-Harbour-300x200.jpg 300w, https:\/\/www.galaxias.net.gr\/wp-content\/uploads\/sites\/77\/2016\/06\/Location-Galaxias-Mandraki-Harbour-1024x683.jpg 1024w, https:\/\/www.galaxias.net.gr\/wp-content\/uploads\/sites\/77\/2016\/06\/Location-Galaxias-Mandraki-Harbour-1280x853.jpg 1280w, https:\/\/www.galaxias.net.gr\/wp-content\/uploads\/sites\/77\/2016\/06\/Location-Galaxias-Mandraki-Harbour-680x453.jpg 680w, https:\/\/www.galaxias.net.gr\/wp-content\/uploads\/sites\/77\/2016\/06\/Location-Galaxias-Mandraki-Harbour-1920x1280.jpg 1920w\" sizes=\"auto, (max-width: 320px) 100vw, 320px\" \/><\/a><\/dt><\/dl><dl class=\"gallery-item\"><dt class=\"gallery-icon\"><a href=\"https:\/\/www.galaxias.net.gr\/wp-content\/uploads\/sites\/77\/2016\/06\/Location-Galaxias-Tsampika-Beach-1024x683.jpg\"><img loading=\"lazy\" decoding=\"async\" width=\"320\" height=\"213\" src=\"https:\/\/www.galaxias.net.gr\/wp-content\/uploads\/sites\/77\/2016\/06\/Location-Galaxias-Tsampika-Beach-320x213.jpg\" class=\"attachment-small-mobile size-small-mobile\" alt=\"Location Galaxias Tsampika sandy Beach in Rhodes, ideal for families with children\" srcset=\"https:\/\/www.galaxias.net.gr\/wp-content\/uploads\/sites\/77\/2016\/06\/Location-Galaxias-Tsampika-Beach-320x213.jpg 320w, https:\/\/www.galaxias.net.gr\/wp-content\/uploads\/sites\/77\/2016\/06\/Location-Galaxias-Tsampika-Beach-300x200.jpg 300w, https:\/\/www.galaxias.net.gr\/wp-content\/uploads\/sites\/77\/2016\/06\/Location-Galaxias-Tsampika-Beach-1024x683.jpg 1024w, https:\/\/www.galaxias.net.gr\/wp-content\/uploads\/sites\/77\/2016\/06\/Location-Galaxias-Tsampika-Beach-1280x853.jpg 1280w, https:\/\/www.galaxias.net.gr\/wp-content\/uploads\/sites\/77\/2016\/06\/Location-Galaxias-Tsampika-Beach-680x453.jpg 680w, https:\/\/www.galaxias.net.gr\/wp-content\/uploads\/sites\/77\/2016\/06\/Location-Galaxias-Tsampika-Beach-1920x1280.jpg 1920w\" sizes=\"auto, (max-width: 320px) 100vw, 320px\" \/><\/a><\/dt><\/dl><dl class=\"gallery-item\"><dt class=\"gallery-icon\"><a href=\"https:\/\/www.galaxias.net.gr\/wp-content\/uploads\/sites\/77\/2016\/06\/Location-Galaxias-Lindos-Beach-1024x682.jpg\"><img loading=\"lazy\" decoding=\"async\" width=\"320\" height=\"213\" src=\"https:\/\/www.galaxias.net.gr\/wp-content\/uploads\/sites\/77\/2016\/06\/Location-Galaxias-Lindos-Beach-320x213.jpg\" class=\"attachment-small-mobile size-small-mobile\" alt=\"Location Galaxias the beautiful organized Lindos Beach on Rhodes Island\" srcset=\"https:\/\/www.galaxias.net.gr\/wp-content\/uploads\/sites\/77\/2016\/06\/Location-Galaxias-Lindos-Beach-320x213.jpg 320w, https:\/\/www.galaxias.net.gr\/wp-content\/uploads\/sites\/77\/2016\/06\/Location-Galaxias-Lindos-Beach-300x200.jpg 300w, https:\/\/www.galaxias.net.gr\/wp-content\/uploads\/sites\/77\/2016\/06\/Location-Galaxias-Lindos-Beach-1024x682.jpg 1024w, https:\/\/www.galaxias.net.gr\/wp-content\/uploads\/sites\/77\/2016\/06\/Location-Galaxias-Lindos-Beach-1280x853.jpg 1280w, https:\/\/www.galaxias.net.gr\/wp-content\/uploads\/sites\/77\/2016\/06\/Location-Galaxias-Lindos-Beach-680x453.jpg 680w, https:\/\/www.galaxias.net.gr\/wp-content\/uploads\/sites\/77\/2016\/06\/Location-Galaxias-Lindos-Beach-1920x1280.jpg 1920w\" sizes=\"auto, (max-width: 320px) 100vw, 320px\" \/><\/a><\/dt><\/dl><dl class=\"gallery-item\"><dt class=\"gallery-icon\"><a href=\"https:\/\/www.galaxias.net.gr\/wp-content\/uploads\/sites\/77\/2016\/06\/Location-Galaxias-Saint-Fragkiskos-576x1024.jpg\"><img loading=\"lazy\" decoding=\"async\" width=\"320\" height=\"569\" src=\"https:\/\/www.galaxias.net.gr\/wp-content\/uploads\/sites\/77\/2016\/06\/Location-Galaxias-Saint-Fragkiskos-320x569.jpg\" class=\"attachment-small-mobile size-small-mobile\" alt=\"Location Galaxias Saint Fragkiskos Chruch on Rhodes Island\" srcset=\"https:\/\/www.galaxias.net.gr\/wp-content\/uploads\/sites\/77\/2016\/06\/Location-Galaxias-Saint-Fragkiskos-320x569.jpg 320w, https:\/\/www.galaxias.net.gr\/wp-content\/uploads\/sites\/77\/2016\/06\/Location-Galaxias-Saint-Fragkiskos-169x300.jpg 169w, https:\/\/www.galaxias.net.gr\/wp-content\/uploads\/sites\/77\/2016\/06\/Location-Galaxias-Saint-Fragkiskos-576x1024.jpg 576w, https:\/\/www.galaxias.net.gr\/wp-content\/uploads\/sites\/77\/2016\/06\/Location-Galaxias-Saint-Fragkiskos-680x1209.jpg 680w, https:\/\/www.galaxias.net.gr\/wp-content\/uploads\/sites\/77\/2016\/06\/Location-Galaxias-Saint-Fragkiskos.jpg 900w\" sizes=\"auto, (max-width: 320px) 100vw, 320px\" \/><\/a><\/dt><\/dl><dl class=\"gallery-item\"><dt class=\"gallery-icon\"><a href=\"https:\/\/www.galaxias.net.gr\/wp-content\/uploads\/sites\/77\/2016\/06\/Location-Galaxias-Anthony-Quinn-Beach-576x1024.jpg\"><img loading=\"lazy\" decoding=\"async\" width=\"320\" height=\"569\" src=\"https:\/\/www.galaxias.net.gr\/wp-content\/uploads\/sites\/77\/2016\/06\/Location-Galaxias-Anthony-Quinn-Beach-320x569.jpg\" class=\"attachment-small-mobile size-small-mobile\" alt=\"Location Galaxias the famous Anthony Quinn beach on Rhodes Island\" srcset=\"https:\/\/www.galaxias.net.gr\/wp-content\/uploads\/sites\/77\/2016\/06\/Location-Galaxias-Anthony-Quinn-Beach-320x569.jpg 320w, https:\/\/www.galaxias.net.gr\/wp-content\/uploads\/sites\/77\/2016\/06\/Location-Galaxias-Anthony-Quinn-Beach-169x300.jpg 169w, https:\/\/www.galaxias.net.gr\/wp-content\/uploads\/sites\/77\/2016\/06\/Location-Galaxias-Anthony-Quinn-Beach-576x1024.jpg 576w, https:\/\/www.galaxias.net.gr\/wp-content\/uploads\/sites\/77\/2016\/06\/Location-Galaxias-Anthony-Quinn-Beach-680x1209.jpg 680w, https:\/\/www.galaxias.net.gr\/wp-content\/uploads\/sites\/77\/2016\/06\/Location-Galaxias-Anthony-Quinn-Beach.jpg 900w\" sizes=\"auto, (max-width: 320px) 100vw, 320px\" \/><\/a><\/dt><\/dl><dl class=\"gallery-item\"><dt class=\"gallery-icon\"><a href=\"https:\/\/www.galaxias.net.gr\/wp-content\/uploads\/sites\/77\/2016\/06\/Location-Galaxias-Ancient-Theatre-1024x682.jpg\"><img loading=\"lazy\" decoding=\"async\" width=\"320\" height=\"213\" src=\"https:\/\/www.galaxias.net.gr\/wp-content\/uploads\/sites\/77\/2016\/06\/Location-Galaxias-Ancient-Theatre-320x213.jpg\" class=\"attachment-small-mobile size-small-mobile\" alt=\"Location Galaxias the Ancient Theatre of Rhodes Island\" srcset=\"https:\/\/www.galaxias.net.gr\/wp-content\/uploads\/sites\/77\/2016\/06\/Location-Galaxias-Ancient-Theatre-320x213.jpg 320w, https:\/\/www.galaxias.net.gr\/wp-content\/uploads\/sites\/77\/2016\/06\/Location-Galaxias-Ancient-Theatre-300x200.jpg 300w, https:\/\/www.galaxias.net.gr\/wp-content\/uploads\/sites\/77\/2016\/06\/Location-Galaxias-Ancient-Theatre-1024x682.jpg 1024w, https:\/\/www.galaxias.net.gr\/wp-content\/uploads\/sites\/77\/2016\/06\/Location-Galaxias-Ancient-Theatre-1280x853.jpg 1280w, https:\/\/www.galaxias.net.gr\/wp-content\/uploads\/sites\/77\/2016\/06\/Location-Galaxias-Ancient-Theatre-680x453.jpg 680w, https:\/\/www.galaxias.net.gr\/wp-content\/uploads\/sites\/77\/2016\/06\/Location-Galaxias-Ancient-Theatre-1920x1280.jpg 1920w\" sizes=\"auto, (max-width: 320px) 100vw, 320px\" \/><\/a><\/dt><\/dl><dl class=\"gallery-item\"><dt class=\"gallery-icon\"><a href=\"https:\/\/www.galaxias.net.gr\/wp-content\/uploads\/sites\/77\/2016\/06\/Location-Galaxias-Monte-Smith-1024x576.jpg\"><img loading=\"lazy\" decoding=\"async\" width=\"320\" height=\"180\" src=\"https:\/\/www.galaxias.net.gr\/wp-content\/uploads\/sites\/77\/2016\/06\/Location-Galaxias-Monte-Smith-320x180.jpg\" class=\"attachment-small-mobile size-small-mobile\" alt=\"Location Galaxias Monte Smith view on Rhodes Island\" srcset=\"https:\/\/www.galaxias.net.gr\/wp-content\/uploads\/sites\/77\/2016\/06\/Location-Galaxias-Monte-Smith-320x180.jpg 320w, https:\/\/www.galaxias.net.gr\/wp-content\/uploads\/sites\/77\/2016\/06\/Location-Galaxias-Monte-Smith-300x169.jpg 300w, https:\/\/www.galaxias.net.gr\/wp-content\/uploads\/sites\/77\/2016\/06\/Location-Galaxias-Monte-Smith-1024x576.jpg 1024w, https:\/\/www.galaxias.net.gr\/wp-content\/uploads\/sites\/77\/2016\/06\/Location-Galaxias-Monte-Smith-1280x720.jpg 1280w, https:\/\/www.galaxias.net.gr\/wp-content\/uploads\/sites\/77\/2016\/06\/Location-Galaxias-Monte-Smith-680x383.jpg 680w, https:\/\/www.galaxias.net.gr\/wp-content\/uploads\/sites\/77\/2016\/06\/Location-Galaxias-Monte-Smith.jpg 1600w\" sizes=\"auto, (max-width: 320px) 100vw, 320px\" \/><\/a><\/dt><\/dl><\/div>\n<div class=\"center\">\n<div>\n   <a class=\"custom-book-room book--big button icon-none adwordsEvent\" title=\"book now\" href=\"https:\/\/galaxias.book-onlinenow.net\/\" target=\"_blank\">Book now<\/a>for the best rates and exclusive benefits\n  <\/div>\n<\/div>\n<p><\/p>","protected":false},"excerpt":{"rendered":"<p>Questo Hotel \u00e8 situato lungo una delle principali strade del capoluogo dell\u2019isola, molto vicino alla Citt\u00e0 Medievale di Rodi, oltre ad altri interessanti siti della citt\u00e0, raggiungibili a piedi. Dal momento che Galaxias albergo si trova nel centro della citt\u00e0 di Rodi, si pu\u00f2 visitare quasi ogni posto in citt\u00e0 entro 30 minuti (al massimo) a piedi, o entro 5 minuti (al massimo) con un taxi e soli 5 \u200b\u200b\u20ac.<\/p>\n","protected":false},"author":1,"featured_media":53,"parent":0,"menu_order":0,"comment_status":"closed","ping_status":"closed","template":"page_location.php","meta":{"footnotes":""},"class_list":["post-8","page","type-page","status-publish","has-post-thumbnail","hentry"],"_links":{"self":[{"href":"https:\/\/www.galaxias.net.gr\/it\/wp-json\/wp\/v2\/pages\/8","targetHints":{"allow":["GET"]}}],"collection":[{"href":"https:\/\/www.galaxias.net.gr\/it\/wp-json\/wp\/v2\/pages"}],"about":[{"href":"https:\/\/www.galaxias.net.gr\/it\/wp-json\/wp\/v2\/types\/page"}],"author":[{"embeddable":true,"href":"https:\/\/www.galaxias.net.gr\/it\/wp-json\/wp\/v2\/users\/1"}],"replies":[{"embeddable":true,"href":"https:\/\/www.galaxias.net.gr\/it\/wp-json\/wp\/v2\/comments?post=8"}],"version-history":[{"count":64,"href":"https:\/\/www.galaxias.net.gr\/it\/wp-json\/wp\/v2\/pages\/8\/revisions"}],"predecessor-version":[{"id":1021,"href":"https:\/\/www.galaxias.net.gr\/it\/wp-json\/wp\/v2\/pages\/8\/revisions\/1021"}],"wp:featuredmedia":[{"embeddable":true,"href":"https:\/\/www.galaxias.net.gr\/it\/wp-json\/wp\/v2\/media\/53"}],"wp:attachment":[{"href":"https:\/\/www.galaxias.net.gr\/it\/wp-json\/wp\/v2\/media?parent=8"}],"curies":[{"name":"wp","href":"https:\/\/api.w.org\/{rel}","templated":true}]}}