{"id":4,"date":"2016-06-21T06:42:09","date_gmt":"2016-06-21T06:42:09","guid":{"rendered":"http:\/\/galaxias.codibee.solutions\/home\/"},"modified":"2020-11-09T10:43:24","modified_gmt":"2020-11-09T08:43:24","slug":"home","status":"publish","type":"page","link":"https:\/\/www.galaxias.net.gr\/it\/","title":{"rendered":"Home"},"content":{"rendered":"<p><\/p>\n<h2>Eccovi a Rodi !<\/h2>\n<p>&nbsp;<br \/>\nPerch\u00e8 non soggiornare in un punto centrale della citt\u00e0, da cui \u00e8 molto facile raggiungere i siti interessanti da visitare sull\u2019isola?<\/p>\n<p>&nbsp;<\/p>\n<div class=\"two-col-container cdb-container\">\n<div class=\"cdb-half\">\n<p>Su una strada centralissima, piena di negozi, caff\u00e8 e banche. <\/p>\n<p>Lontano dai fastidiosi rumori della notte.<\/p>\n<p>Con possibilit\u00e0 di parcheggio auto gratis.<\/p>\n<p>In un albergo tranquillo, sicuro e lussuoso. Per scoprire il segreto della Galassia (Galaxia), come scoperto e tramandato dagli antichi greci.<\/p>\n<p>Con possibilit\u00e0 di muoversi facilmente, anche a piedi, per raggiungere i punti pi\u00f9 interessanti da visitare.<\/p>\n<p>Per godervi una passeggiata pomeridiana, di 15 minuti a piedi, per arrivare all\u2019antica Acropoli, lo Stadio, il Teatro, il tempio di Apollo ed ammirare uno dei migliori tramonti dell\u2019Egeo.<\/p>\n<p>Per rilassarvi con un bicchiere di vino o con un cocktail al bar o nel giardino del nostro albergo.<\/p>\n<\/div>\n<div class=\"cdb-half\">\n<p>Per esplorare, ad appena 10 minuti di distanza a piedi, la vivissima citt\u00e0 medievale, in cui \u00e8 particolarmente evidente la \u201cpresenza\u201d dei Cavalieri di San Giovanni. Il monumento pi\u00f9 importante della citt\u00e0, ma anche di tutta l\u2019isola!  Con numerosi eventi artistici e culturali (concerti, festival medievali) ! Ed anche con un\u2019intensa vita notturna, all\u2019altezza delle vostre aspettattive! <\/p>\n<p>La mattina, dopo aver gustato la vostra gustosissima prima colazione presso il ristorante, nel giardino o anche in camera, uscite a scoprire le bellezze dell\u2019isola, utilizzando le informazioni fornite dall\u2019addetto del reception desk.<\/p>\n<p>Con la vostra auto o in autobus (fermata a 5 minuti di distanza a piedi), andate alla scoperta delle pi\u00f9 famose spiagge dell\u2019isola.<\/p>\n<p>Ed ora con delle offerte eccezionali!<\/p>\n<p>Soprattutto per i nostri membri!<\/p>\n<\/div>\n<\/div>\n<p><\/p>","protected":false},"excerpt":{"rendered":"<p>Eccovi a Rodi ! &nbsp; Perch\u00e8 non soggiornare in un punto centrale della citt\u00e0, da cui \u00e8 molto facile raggiungere i siti interessanti da visitare sull\u2019isola? &nbsp; Su una strada centralissima, piena di negozi, caff\u00e8 e banche. Lontano dai fastidiosi rumori della notte. Con possibilit\u00e0 di parcheggio auto gratis. In un albergo tranquillo, sicuro e [&hellip;]<\/p>\n","protected":false},"author":1,"featured_media":35,"parent":0,"menu_order":0,"comment_status":"closed","ping_status":"closed","template":"","meta":{"footnotes":""},"class_list":["post-4","page","type-page","status-publish","has-post-thumbnail","hentry"],"_links":{"self":[{"href":"https:\/\/www.galaxias.net.gr\/it\/wp-json\/wp\/v2\/pages\/4","targetHints":{"allow":["GET"]}}],"collection":[{"href":"https:\/\/www.galaxias.net.gr\/it\/wp-json\/wp\/v2\/pages"}],"about":[{"href":"https:\/\/www.galaxias.net.gr\/it\/wp-json\/wp\/v2\/types\/page"}],"author":[{"embeddable":true,"href":"https:\/\/www.galaxias.net.gr\/it\/wp-json\/wp\/v2\/users\/1"}],"replies":[{"embeddable":true,"href":"https:\/\/www.galaxias.net.gr\/it\/wp-json\/wp\/v2\/comments?post=4"}],"version-history":[{"count":52,"href":"https:\/\/www.galaxias.net.gr\/it\/wp-json\/wp\/v2\/pages\/4\/revisions"}],"predecessor-version":[{"id":1221,"href":"https:\/\/www.galaxias.net.gr\/it\/wp-json\/wp\/v2\/pages\/4\/revisions\/1221"}],"wp:featuredmedia":[{"embeddable":true,"href":"https:\/\/www.galaxias.net.gr\/it\/wp-json\/wp\/v2\/media\/35"}],"wp:attachment":[{"href":"https:\/\/www.galaxias.net.gr\/it\/wp-json\/wp\/v2\/media?parent=4"}],"curies":[{"name":"wp","href":"https:\/\/api.w.org\/{rel}","templated":true}]}}