{"id":20,"date":"2016-06-21T06:42:09","date_gmt":"2016-06-21T06:42:09","guid":{"rendered":"http:\/\/galaxias.codibee.solutions\/extra-page-two\/"},"modified":"2024-07-15T12:09:06","modified_gmt":"2024-07-15T09:09:06","slug":"hotel-policies","status":"publish","type":"page","link":"https:\/\/www.galaxias.net.gr\/it\/hotel-policies\/","title":{"rendered":"Politica dell&#8217;hotel"},"content":{"rendered":"<p>Si prega di leggere attentamente il Regolamento dell&#8217; Hotel Galaxias.<\/p>\n<p><strong>Politica dei prezzi:<\/strong> Le tariffe delle camere sono intese solo per letto al giorno e dipendono dal periodo prescelto, dalla disponibilit\u00e0 e dalla durata del soggiorno. La Prima Colazione \u00e8 facoltativa ed ha un costo extra. Molto spesso forniamo offerte scontate non rimborsabili che devono essere pagate in anticipo con versamento sul conto bancario, oppure con carta di credito.<\/p>\n<p><strong>Politica sull\u2019et\u00e0:<\/strong> Bambini: 0-6 anni. Ragazzi: 6 \u2013 12 anni. Adulti: oltre i 13 anni.<br \/>\nI bambini (0-6) sono ospitati gratuitamente, quando utilizzano il letto dei genitori. Altrimenti sono considerati ragazzi.<br \/>\nRagazzi (6-12 anni), addebito di 15 Euro per notte in extra letto.<br \/>\nAdulti (13+ anni), addebito di 15 Euro per notte in extra letto.<\/p>\n<p><strong>Tariffe non rimborsabili \/ Offerte scontate:<\/strong> Le tariffe non rimborsabili o anche le offerte scontate sono prezzi particolarmente vantaggiosi da pagare all\u2019atto della prenotazione, senza possibilit\u00e0 di essere rimborsati.<\/p>\n<p><strong>Extra letto\/ persona:<\/strong> Un extra letto in una camera \u00e8 addebitato a 15 Euro al giorno se \u00e8 destinato ad un ragazzo fino a 12 anni d\u2019et\u00e0.<br \/>\nPer gli adulti (13+ anni) il letto extra \u00e8 addebitato a 15 Euro al giorno.<br \/>\nLettini extra possono essere collocati solo nelle camere doppie, per convertirle in triple. Non esistono altre opzioni disponibili.<\/p>\n<p><strong>Validit\u00e0 della prenotazione:<\/strong> Il cliente \u00e8 tenuto a versare sul nostro conto bancario l\u2019importo del pre-pagamento definito dal sistema (per la tariffa normale della camera) o anche l\u2019intero importo (nei casi di offerte Non Rimborsabili o di Offerte Scontate). In alternativa, \u00e8 possibile utilizzare la Carta di Credito. Solo cos\u00ec la prenotazione sar\u00e0 valida.<\/p>\n<p><strong>Politica di cancellazione:<\/strong> Se le cancellazioni vengono effettuate 14 giorni prima del giorno di arrivo, il cliente verr\u00e0 rimborsato il denaro fornito per la prenotazione selezionata. Se la cancellazione avviene meno di 14 giorni prima dell&#8217;arrivo, verr\u00e0 rimborsato il 50% dell&#8217;importo. Se il cliente non appare, non viene restituito alcun denaro. Per le prenotazioni non rimborsabili o le offerte speciali, non \u00e8 possibile annullare o modificare o rimborsare.<\/p>\n<p><strong>Richieste speciali:<\/strong> Facciamo del nostro meglio fino all\u2019ultimo minuto per soddisfare i vostri desideri. Se, tuttavia, non ci riusciamo, cerchiamo di fornire tutto quanto disponibile. Ad esempio, possiamo fornire letti singoli invece di un letto matrimoniale, una camera ad un altro piano o anche in un\u2019altra ala dell\u2019edificio, ecc..<\/p>\n<p><strong>Mancato arrivo del cliente:<\/strong> Nel caso in cui un cliente non si presenti all\u2019hotel fino alle ore 24:00 della data prevista, allora la prenotazione \u00e8 cancellata senza alcun diritto di rimborso, a meno che il cliente non abbia informato l\u2019hotel del suo eventuale ritardo.<\/p>\n<p><strong>Check in:<\/strong> Il Check-In inizia dalle ore 15:00 in poi. L\u2019ospite pu\u00f2 verificare direttamente con lo sportello prenotazioni se la camera pu\u00f2 essere eventualmente pronta prima di quest\u2019ora.<\/p>\n<p><strong>Check out:<\/strong> Il Check Out non deve superare le ore 11:00 (mezzogiorno). L\u2019ospite pu\u00f2 verificare direttamente con lo sportello prenotazioni se la camera pu\u00f2 essere eventualmente disponibile per un Check Out ritardato.<\/p>\n<p><strong>Check-Out Ritardato:<\/strong> E\u2019 possibile, secondo le nostre prenotazioni, fornire una camera a quei clienti che sono interessati a partire in ritardo, applicando un addebito del 50% in pi\u00f9 sulla tariffa della camera, per partenze dalle ore 12:00 alle ore 18:00. Dopo le ore 18:00, l\u2019addebito sar\u00e0 regolare, cio\u00e8 pari al 100% della tariffa della camera.<\/p>\n<p><strong>Politica per i visitatori:<\/strong> Una persona pu\u00f2 recarsi in visita ad un cliente in camera solo se il cliente lo richiede e solo dopo aver depositato la propria Carta d&#8217;Identit\u00e0 alla Reception.<br \/>\nPer una visita superiore ai 30 minuti, o per una visita oltre le ore 23:00, o anche quando il visitatore fa uso dell\u2019attrezzatura della camera (wc, lenzuola, letto, ecc.), allora sar\u00e0 applicato un addebito come persona extra nella camera, Minimo 15 euro per giorno \/ notte. I visitatori sono persone non incluse nella prenotazione e le tariffe dei visitatori non hanno nulla a che fare con le tariffe di prenotazione o le offerte speciali.<\/p>\n<p><strong>Fumo:<\/strong> NON \u00e8 permesso fumare all&#8217;interno delle camere o dell&#8217;hotel. \u00c8 severamente proibito. Agli ospiti sar\u00e0 applicato un addebito di almeno 150 Euro per pulizia extra della camera, oltre ad essere espulsi dalla camera, quando si constata fumo\/ o tracce di odore di fumo nella camera. Inoltre, potranno eventualmente essere addebitati di ulteriori perdite finanziarie in caso di rifiuto da parte di un cliente di utilizzare la camera per motivi dovuti al fumo o a tracce di odore di fumo.<\/p>\n<p><strong>Cibo in camera:<\/strong> Non \u00e8 consentito il cibo nelle camere. In caso contrario, siamo obbligati ad addebitare l\u2019importo di 150 Euro almeno per pulizia extra della camera, quando si constatano tracce di cibo\/ odore nella camera, e potranno eventualmente essere addebitate ulteriori perdite finanziarie in caso di rifiuto da parte di un cliente di utilizzare la camera per motivi dovuti all\u2019odore di cibo. Inoltre, il cliente \u00e8 espulso dalla camera.<\/p>\n<p><strong>Cibo \/ bevande:<\/strong> I nostri clienti non sono obbligati a consumare cibi \/ bevande dal nostro ristorante \/ bar. Tuttavia, i nostri clienti non sono autorizzati a utilizzare l&#8217;area dell&#8217;hotel, le strutture e le attrezzature per alimenti \/ bevande di altre aziende.<\/p>\n<p><strong>Pets:<\/strong> Non sono ammessi.<\/p>\n<p><strong>Mobilia e biancheria della camera:<\/strong> Non siamo in grado di assicurare il tipo di mobilia o anche il colore della biancheria nelle camere. Possono variare.<\/p>\n<p><strong>Uso del cucinino:<\/strong> Cerchiamo sempre di mantenere le nostre tariffe al livello pi\u00f9 basso possibile, perch\u00e8 riteniamo che il denaro abbia valore. Quindi, l\u2019uso del cucinino, se esiste nella camera, non \u00e8 incluso nella tariffa della camera, poich\u00e8 richiede maggiore tempo per la sua pulizia da parte del personale addetto. Inoltre, la maggior parte dei clienti non ne ha bisogno. Se si desidera questo servizio, allora \u00e8 necessario pagare un extra addebito di appena 5 Euro al giorno, per TUTTI i giorni del soggiorno. Altrimenti si paga 10 euro per ogni singolo giorno. In questo servizio, \u00e8 fornito bollitore, piatti, stoviglie, tazze, bicchieri, piccole pentole (per riscaldare il latte o bollire le uova), t\u00e8\/ caff\u00e8 e zucchero per i giorni del soggiorno; attrezzatura per la prima colazione o anche per pasti veramente leggeri. NON \u00e8 permesso cucinare.<\/p>","protected":false},"excerpt":{"rendered":"<p>Si prega di leggere attentamente il Regolamento dell&#8217; Hotel Galaxias. Politica dei prezzi: Le tariffe delle camere sono intese solo per letto al giorno e dipendono dal periodo prescelto, dalla disponibilit\u00e0 e dalla durata del soggiorno. La Prima Colazione \u00e8 facoltativa ed ha un costo extra. Molto spesso forniamo offerte scontate non rimborsabili che devono [&hellip;]<\/p>\n","protected":false},"author":1,"featured_media":62,"parent":0,"menu_order":0,"comment_status":"closed","ping_status":"closed","template":"","meta":{"footnotes":""},"class_list":["post-20","page","type-page","status-publish","has-post-thumbnail","hentry"],"_links":{"self":[{"href":"https:\/\/www.galaxias.net.gr\/it\/wp-json\/wp\/v2\/pages\/20","targetHints":{"allow":["GET"]}}],"collection":[{"href":"https:\/\/www.galaxias.net.gr\/it\/wp-json\/wp\/v2\/pages"}],"about":[{"href":"https:\/\/www.galaxias.net.gr\/it\/wp-json\/wp\/v2\/types\/page"}],"author":[{"embeddable":true,"href":"https:\/\/www.galaxias.net.gr\/it\/wp-json\/wp\/v2\/users\/1"}],"replies":[{"embeddable":true,"href":"https:\/\/www.galaxias.net.gr\/it\/wp-json\/wp\/v2\/comments?post=20"}],"version-history":[{"count":79,"href":"https:\/\/www.galaxias.net.gr\/it\/wp-json\/wp\/v2\/pages\/20\/revisions"}],"predecessor-version":[{"id":1414,"href":"https:\/\/www.galaxias.net.gr\/it\/wp-json\/wp\/v2\/pages\/20\/revisions\/1414"}],"wp:featuredmedia":[{"embeddable":true,"href":"https:\/\/www.galaxias.net.gr\/it\/wp-json\/wp\/v2\/media\/62"}],"wp:attachment":[{"href":"https:\/\/www.galaxias.net.gr\/it\/wp-json\/wp\/v2\/media?parent=20"}],"curies":[{"name":"wp","href":"https:\/\/api.w.org\/{rel}","templated":true}]}}