{"id":19,"date":"2016-06-21T06:42:09","date_gmt":"2016-06-21T06:42:09","guid":{"rendered":"http:\/\/galaxias.codibee.solutions\/extra-page-one\/"},"modified":"2019-03-28T09:50:07","modified_gmt":"2019-03-28T07:50:07","slug":"hotel-distances","status":"publish","type":"page","link":"https:\/\/www.galaxias.net.gr\/it\/hotel-distances\/","title":{"rendered":"Distanze"},"content":{"rendered":"<p>Distanze dal Galaxias Hotel, Citt\u00e0 di Rodi<br \/>\n\u2022\tCitt\u00e0 Medievale: 10-15 min a piedi<br \/>\n\u2022\tChiesa di S. Francesco: 10 &#8211; 15 min a piedi<br \/>\n\u2022\tAntica Acropoli: 15 min a piedi<br \/>\n\u2022\tAntico Stadio: 15 min a piedi<br \/>\n\u2022\tTempio dell\u2019Antico dio Apollo: 20 min a piedi<br \/>\n\u2022\tSpiaggia (in citt\u00e0): 20 &#8211; 25 min a piedi, 4 &#8211; 5 min in auto\/ bici<br \/>\n\u2022\tMigliori spiagge dell\u2019isola: a 5 min a piedi c\u2019\u00e8 la fermata dell\u2019autobus che conduce alle spiagge migliori e pi\u00f9 popolari dell\u2019isola: \u039aallithea, Anthony Quinn, Faliraki, Traganou, Tsampika, Lindos ecc.<br \/>\n\u2022\tParco Rodini: 25 min a piedi<br \/>\n\u2022\tUniversit\u00e0: 10 min a piedi<br \/>\n\u2022\tSupermercato Carrefour: 5 min a piedi<br \/>\n\u2022\tSupermercato My Market: 5 min a piedi<br \/>\n\u2022\tStadio di Calcio: 500 m<br \/>\n\u2022\tCentro Sportivo Venetoklio: 5 min a piedi<br \/>\n\u2022\tOspedale: 2 km<br \/>\n\u2022\tAeroporto: 15 km (fuori della citt\u00e0)<br \/>\n\u2022\tPorto: 2 km<br \/>\n\u2022\tStazione Taxi: 100 m<br \/>\n\u2022\tFermata Autobus urbani: 30 m<br \/>\n\u2022\tParcheggio: Gratuito sulla strada, quasi fuori la porta dell\u2019albergo, e parcheggio gratuito e comodo sul lato opposto della strada a circa 50 m.<\/p>\n<\/ul>\n<p><\/p>","protected":false},"excerpt":{"rendered":"<p>Hotel a Rodi che si trova nel centro della citt\u00e0. Rodi mappa \u00e8 disponibile. Galaxias si trova nel centro della citt\u00e0. Si pu\u00f2 raggiungere tutto da qui, anche a piedi. \u00c8 possibile raggiungere a piedi la spiaggia di Zefyros a circa 20 min. E al centro storico medievale a circa 15 min.<\/p>\n","protected":false},"author":1,"featured_media":24,"parent":0,"menu_order":0,"comment_status":"closed","ping_status":"closed","template":"","meta":{"footnotes":""},"class_list":["post-19","page","type-page","status-publish","has-post-thumbnail","hentry"],"_links":{"self":[{"href":"https:\/\/www.galaxias.net.gr\/it\/wp-json\/wp\/v2\/pages\/19","targetHints":{"allow":["GET"]}}],"collection":[{"href":"https:\/\/www.galaxias.net.gr\/it\/wp-json\/wp\/v2\/pages"}],"about":[{"href":"https:\/\/www.galaxias.net.gr\/it\/wp-json\/wp\/v2\/types\/page"}],"author":[{"embeddable":true,"href":"https:\/\/www.galaxias.net.gr\/it\/wp-json\/wp\/v2\/users\/1"}],"replies":[{"embeddable":true,"href":"https:\/\/www.galaxias.net.gr\/it\/wp-json\/wp\/v2\/comments?post=19"}],"version-history":[{"count":23,"href":"https:\/\/www.galaxias.net.gr\/it\/wp-json\/wp\/v2\/pages\/19\/revisions"}],"predecessor-version":[{"id":988,"href":"https:\/\/www.galaxias.net.gr\/it\/wp-json\/wp\/v2\/pages\/19\/revisions\/988"}],"wp:featuredmedia":[{"embeddable":true,"href":"https:\/\/www.galaxias.net.gr\/it\/wp-json\/wp\/v2\/media\/24"}],"wp:attachment":[{"href":"https:\/\/www.galaxias.net.gr\/it\/wp-json\/wp\/v2\/media?parent=19"}],"curies":[{"name":"wp","href":"https:\/\/api.w.org\/{rel}","templated":true}]}}