{"id":12,"date":"2016-06-21T06:42:09","date_gmt":"2016-06-21T06:42:09","guid":{"rendered":"http:\/\/galaxias.codibee.solutions\/about-island\/"},"modified":"2019-03-28T09:52:53","modified_gmt":"2019-03-28T07:52:53","slug":"rhodes-holidays","status":"publish","type":"page","link":"https:\/\/www.galaxias.net.gr\/it\/rhodes-holidays\/","title":{"rendered":"Rodi Vacanze"},"content":{"rendered":"<p>Vacanze a Rodi \u00e8 una delle scelte migliori.\u00a0Accecante del sole, spiagge favolose, citt\u00e0 medievale e molti hotel e resort vi faranno trascorrere fantastiche vacanze. Galaxias City Hotel far\u00e0 in modo che si avr\u00e0 una sistemazione accogliente.<\/p>\n<p>Rodi \u00e8 una delle circa tremila isole della Grecia, con innumerevoli bellezze, impressionante visite turistiche, resort cosmopolita, e molti reperti archeologici che si pu\u00f2 godere spensieratamente sulla vostra vacanza. Negli ultimi anni, l&#8217;aumento del numero di turisti che ci costringe a eseguire l&#8217;aggiornamento, notare ogni dettaglio che ci render\u00e0 diversi.<\/p>\n<p>Una vacanza a Rhodes \u00e8 un&#8217;esperienza che tutti dovrebbero assolutamente avere.<\/p>","protected":false},"excerpt":{"rendered":"<p>Vacanze a Rodi \u00e8 una delle scelte migliori. Accecante del sole, spiagge favolose, citt\u00e0 medievale e molti hotel e resort vi faranno trascorrere fantastiche vacanze. Galaxias City Hotel far\u00e0 in modo che si avr\u00e0 una sistemazione accogliente.<\/p>\n","protected":false},"author":1,"featured_media":46,"parent":0,"menu_order":0,"comment_status":"closed","ping_status":"closed","template":"","meta":{"footnotes":""},"class_list":["post-12","page","type-page","status-publish","has-post-thumbnail","hentry"],"_links":{"self":[{"href":"https:\/\/www.galaxias.net.gr\/it\/wp-json\/wp\/v2\/pages\/12","targetHints":{"allow":["GET"]}}],"collection":[{"href":"https:\/\/www.galaxias.net.gr\/it\/wp-json\/wp\/v2\/pages"}],"about":[{"href":"https:\/\/www.galaxias.net.gr\/it\/wp-json\/wp\/v2\/types\/page"}],"author":[{"embeddable":true,"href":"https:\/\/www.galaxias.net.gr\/it\/wp-json\/wp\/v2\/users\/1"}],"replies":[{"embeddable":true,"href":"https:\/\/www.galaxias.net.gr\/it\/wp-json\/wp\/v2\/comments?post=12"}],"version-history":[{"count":6,"href":"https:\/\/www.galaxias.net.gr\/it\/wp-json\/wp\/v2\/pages\/12\/revisions"}],"predecessor-version":[{"id":992,"href":"https:\/\/www.galaxias.net.gr\/it\/wp-json\/wp\/v2\/pages\/12\/revisions\/992"}],"wp:featuredmedia":[{"embeddable":true,"href":"https:\/\/www.galaxias.net.gr\/it\/wp-json\/wp\/v2\/media\/46"}],"wp:attachment":[{"href":"https:\/\/www.galaxias.net.gr\/it\/wp-json\/wp\/v2\/media?parent=12"}],"curies":[{"name":"wp","href":"https:\/\/api.w.org\/{rel}","templated":true}]}}