{"id":8,"date":"2016-06-21T06:42:09","date_gmt":"2016-06-21T06:42:09","guid":{"rendered":"http:\/\/galaxias.codibee.solutions\/location\/"},"modified":"2019-04-17T09:23:11","modified_gmt":"2019-04-17T06:23:11","slug":"rhodes-town","status":"publish","type":"page","link":"https:\/\/www.galaxias.net.gr\/fr\/rhodes-town\/","title":{"rendered":"Emplacement"},"content":{"rendered":"<p>Galaxias H\u00f4tel \u00e0 Rhodos est situ\u00e9 \u00e0 un point focal de la ville de Rhodes.<br \/>\nDans une grande rue commer\u00e7ante \u00e0 c\u00f4t\u00e9 des banques, des caf\u00e9s, de plusieurs magasins de toute sorte, les grands supermarch\u00e9s etc.<br \/>\nIl est tr\u00e8s proche de l&#8217;\u00e9glise catholique de San Francis, de la ville m\u00e9di\u00e9vale et de l&#8217;ancienne Acropole, de l\u2019ancien stade de Diagoras et du temple de Dieu Apollon. Les sites historiques les plus importants de la ville de Rhodes.<br \/>\nL&#8217;emplacement est tr\u00e8s appropri\u00e9 pour les personnes qui veulent visiter ces sites. M\u00eame \u00e0 pied.<br \/>\nDe m\u00eame, pour les personnes qui utilisent la voiture ou le v\u00e9lo afin de se d\u00e9placer facilement, mais qui aiment, en m\u00eame temps, \u00eatre dans une rue commer\u00e7ante en ville.<br \/>\nLe visiteur peut tr\u00e8s facilement se d\u00e9placer de Galaxias aux deux grandes de l\u2019\u00eele : 1. Lindos et Avenue de Rhodos Sud, et 2. A\u00e9roport et Avenue Kamiros.<br \/>\nBien que Galaxias est situ\u00e9 dans une grande rue commerciale dans la ville de Rhodes, vous pouvez garer votre voiture \/ v\u00e9lo facilement. La rue offre un parking gratuit et facile presque en dehors de l&#8217;h\u00f4tel. Et, bien s\u00fbr, il ya un grand parking gratuit \u00e0 environ 50m.<br \/>\nEn outre, l&#8217;emplacement est adapt\u00e9 pour ceux qui n&#8217;aiment pas \u00eatre d\u00e9rang\u00e9s par les bars de nuit et la musique, tandis que, en m\u00eame temps, veulent \u00eatre dans une rue commerciale en ville.<br \/>\nLes amateurs de la natation peuvent visiter toutes les plages \u00e9poustouflantes et c\u00e9l\u00e8bres de l&#8217;\u00eele, d\u00e9marrant par un arr\u00eat de bus \u00e0 environ 5 min \u00e0 pied. Les eaux sont cristallines que les plages soient sableuses, rocheuses, caillouteuses, calmes, populaires, atmosph\u00e9riques. Pleines de bars, caf\u00e9s, restaurants, musique. Kallithea, Faliraki, Anthony Quinn, Traganou, Tsampika, Agathi, Lindos et plus.<br \/>\nDe plus, Galaxias est tr\u00e8s pr\u00e8s du Centre Sportif Venetoklio et, par bus, \u00e0 proximit\u00e9 de l\u2019H\u00f4pital de Rhodes.<br \/>\nL\u2019arr\u00eat du bus pour le centre-ville est presqu\u2019en dehors de l\u2019h\u00f4tel, \u00e0 30m, environ.<br \/>\nLes taxis sont un moyen de d\u00e9placement rapide partout sur la ville de Rhodes, \u00e0 un tarif de 5 \u00e0 6 euros. Station de taxi \u00e0 100m, environ. <\/p>\n<br><br><div class=\"gallery clearfix\"><div class=\"grid-sizer\"><\/div><dl class=\"gallery-item\"><dt class=\"gallery-icon\"><a href=\"https:\/\/www.galaxias.net.gr\/wp-content\/uploads\/sites\/77\/2016\/06\/Location-Galaxias-Lindos-Castle-1024x682.jpg\"><img loading=\"lazy\" decoding=\"async\" width=\"320\" height=\"213\" src=\"https:\/\/www.galaxias.net.gr\/wp-content\/uploads\/sites\/77\/2016\/06\/Location-Galaxias-Lindos-Castle-320x213.jpg\" class=\"attachment-small-mobile size-small-mobile\" alt=\"Location Galaxias the Greek monument of Lindos Castle on Rhodes Island\" srcset=\"https:\/\/www.galaxias.net.gr\/wp-content\/uploads\/sites\/77\/2016\/06\/Location-Galaxias-Lindos-Castle-320x213.jpg 320w, https:\/\/www.galaxias.net.gr\/wp-content\/uploads\/sites\/77\/2016\/06\/Location-Galaxias-Lindos-Castle-300x200.jpg 300w, https:\/\/www.galaxias.net.gr\/wp-content\/uploads\/sites\/77\/2016\/06\/Location-Galaxias-Lindos-Castle-1024x682.jpg 1024w, https:\/\/www.galaxias.net.gr\/wp-content\/uploads\/sites\/77\/2016\/06\/Location-Galaxias-Lindos-Castle-1280x853.jpg 1280w, https:\/\/www.galaxias.net.gr\/wp-content\/uploads\/sites\/77\/2016\/06\/Location-Galaxias-Lindos-Castle-680x453.jpg 680w, https:\/\/www.galaxias.net.gr\/wp-content\/uploads\/sites\/77\/2016\/06\/Location-Galaxias-Lindos-Castle-1920x1280.jpg 1920w\" sizes=\"auto, (max-width: 320px) 100vw, 320px\" \/><\/a><\/dt><\/dl><dl class=\"gallery-item\"><dt class=\"gallery-icon\"><a href=\"https:\/\/www.galaxias.net.gr\/wp-content\/uploads\/sites\/77\/2016\/06\/Distances-Galaxias-Acropolis-of-Rhodes-1024x682.jpg\"><img loading=\"lazy\" decoding=\"async\" width=\"320\" height=\"213\" src=\"https:\/\/www.galaxias.net.gr\/wp-content\/uploads\/sites\/77\/2016\/06\/Distances-Galaxias-Acropolis-of-Rhodes-320x213.jpg\" class=\"attachment-small-mobile size-small-mobile\" alt=\"Distances Galaxias the Acropolis monument of Rhodes Island\" srcset=\"https:\/\/www.galaxias.net.gr\/wp-content\/uploads\/sites\/77\/2016\/06\/Distances-Galaxias-Acropolis-of-Rhodes-320x213.jpg 320w, https:\/\/www.galaxias.net.gr\/wp-content\/uploads\/sites\/77\/2016\/06\/Distances-Galaxias-Acropolis-of-Rhodes-300x200.jpg 300w, https:\/\/www.galaxias.net.gr\/wp-content\/uploads\/sites\/77\/2016\/06\/Distances-Galaxias-Acropolis-of-Rhodes-1024x682.jpg 1024w, https:\/\/www.galaxias.net.gr\/wp-content\/uploads\/sites\/77\/2016\/06\/Distances-Galaxias-Acropolis-of-Rhodes-1280x853.jpg 1280w, https:\/\/www.galaxias.net.gr\/wp-content\/uploads\/sites\/77\/2016\/06\/Distances-Galaxias-Acropolis-of-Rhodes-680x453.jpg 680w, https:\/\/www.galaxias.net.gr\/wp-content\/uploads\/sites\/77\/2016\/06\/Distances-Galaxias-Acropolis-of-Rhodes-1920x1280.jpg 1920w\" sizes=\"auto, (max-width: 320px) 100vw, 320px\" \/><\/a><\/dt><\/dl><dl class=\"gallery-item\"><dt class=\"gallery-icon\"><a href=\"https:\/\/www.galaxias.net.gr\/wp-content\/uploads\/sites\/77\/2016\/06\/Location-Galaxias-Rodini-Park-1024x682.jpg\"><img loading=\"lazy\" decoding=\"async\" width=\"320\" height=\"213\" src=\"https:\/\/www.galaxias.net.gr\/wp-content\/uploads\/sites\/77\/2016\/06\/Location-Galaxias-Rodini-Park-320x213.jpg\" class=\"attachment-small-mobile size-small-mobile\" alt=\"Location Galaxias Rodini Park is a landmark of Rhodes Island\" srcset=\"https:\/\/www.galaxias.net.gr\/wp-content\/uploads\/sites\/77\/2016\/06\/Location-Galaxias-Rodini-Park-320x213.jpg 320w, https:\/\/www.galaxias.net.gr\/wp-content\/uploads\/sites\/77\/2016\/06\/Location-Galaxias-Rodini-Park-300x200.jpg 300w, https:\/\/www.galaxias.net.gr\/wp-content\/uploads\/sites\/77\/2016\/06\/Location-Galaxias-Rodini-Park-1024x682.jpg 1024w, https:\/\/www.galaxias.net.gr\/wp-content\/uploads\/sites\/77\/2016\/06\/Location-Galaxias-Rodini-Park-1280x853.jpg 1280w, https:\/\/www.galaxias.net.gr\/wp-content\/uploads\/sites\/77\/2016\/06\/Location-Galaxias-Rodini-Park-680x453.jpg 680w, https:\/\/www.galaxias.net.gr\/wp-content\/uploads\/sites\/77\/2016\/06\/Location-Galaxias-Rodini-Park-1920x1280.jpg 1920w\" sizes=\"auto, (max-width: 320px) 100vw, 320px\" \/><\/a><\/dt><\/dl><dl class=\"gallery-item\"><dt class=\"gallery-icon\"><a href=\"https:\/\/www.galaxias.net.gr\/wp-content\/uploads\/sites\/77\/2016\/06\/Location-Galaxias-Medieval-Town-1024x682.jpg\"><img loading=\"lazy\" decoding=\"async\" width=\"320\" height=\"213\" src=\"https:\/\/www.galaxias.net.gr\/wp-content\/uploads\/sites\/77\/2016\/06\/Location-Galaxias-Medieval-Town-320x213.jpg\" class=\"attachment-small-mobile size-small-mobile\" alt=\"Location Galaxias Exploring the picturesque Medieval Town of Rhodes Island\" srcset=\"https:\/\/www.galaxias.net.gr\/wp-content\/uploads\/sites\/77\/2016\/06\/Location-Galaxias-Medieval-Town-320x213.jpg 320w, https:\/\/www.galaxias.net.gr\/wp-content\/uploads\/sites\/77\/2016\/06\/Location-Galaxias-Medieval-Town-300x200.jpg 300w, https:\/\/www.galaxias.net.gr\/wp-content\/uploads\/sites\/77\/2016\/06\/Location-Galaxias-Medieval-Town-1024x682.jpg 1024w, https:\/\/www.galaxias.net.gr\/wp-content\/uploads\/sites\/77\/2016\/06\/Location-Galaxias-Medieval-Town-1280x853.jpg 1280w, https:\/\/www.galaxias.net.gr\/wp-content\/uploads\/sites\/77\/2016\/06\/Location-Galaxias-Medieval-Town-680x453.jpg 680w, https:\/\/www.galaxias.net.gr\/wp-content\/uploads\/sites\/77\/2016\/06\/Location-Galaxias-Medieval-Town-1920x1280.jpg 1920w\" sizes=\"auto, (max-width: 320px) 100vw, 320px\" \/><\/a><\/dt><\/dl><dl class=\"gallery-item\"><dt class=\"gallery-icon\"><a href=\"https:\/\/www.galaxias.net.gr\/wp-content\/uploads\/sites\/77\/2016\/06\/Location-Galaxias-Grand-Master-Palace-1024x682.jpg\"><img loading=\"lazy\" decoding=\"async\" width=\"320\" height=\"213\" src=\"https:\/\/www.galaxias.net.gr\/wp-content\/uploads\/sites\/77\/2016\/06\/Location-Galaxias-Grand-Master-Palace-320x213.jpg\" class=\"attachment-small-mobile size-small-mobile\" alt=\"Location Galaxias the Palace of the Grand Master of the Knights of Rhodes\" srcset=\"https:\/\/www.galaxias.net.gr\/wp-content\/uploads\/sites\/77\/2016\/06\/Location-Galaxias-Grand-Master-Palace-320x213.jpg 320w, https:\/\/www.galaxias.net.gr\/wp-content\/uploads\/sites\/77\/2016\/06\/Location-Galaxias-Grand-Master-Palace-300x200.jpg 300w, https:\/\/www.galaxias.net.gr\/wp-content\/uploads\/sites\/77\/2016\/06\/Location-Galaxias-Grand-Master-Palace-1024x682.jpg 1024w, https:\/\/www.galaxias.net.gr\/wp-content\/uploads\/sites\/77\/2016\/06\/Location-Galaxias-Grand-Master-Palace-1280x853.jpg 1280w, https:\/\/www.galaxias.net.gr\/wp-content\/uploads\/sites\/77\/2016\/06\/Location-Galaxias-Grand-Master-Palace-680x453.jpg 680w, https:\/\/www.galaxias.net.gr\/wp-content\/uploads\/sites\/77\/2016\/06\/Location-Galaxias-Grand-Master-Palace-1920x1280.jpg 1920w\" sizes=\"auto, (max-width: 320px) 100vw, 320px\" \/><\/a><\/dt><\/dl><dl class=\"gallery-item\"><dt class=\"gallery-icon\"><a href=\"https:\/\/www.galaxias.net.gr\/wp-content\/uploads\/sites\/77\/2016\/06\/Location-Galaxias-Mandraki-Harbour-1024x683.jpg\"><img loading=\"lazy\" decoding=\"async\" width=\"320\" height=\"213\" src=\"https:\/\/www.galaxias.net.gr\/wp-content\/uploads\/sites\/77\/2016\/06\/Location-Galaxias-Mandraki-Harbour-320x213.jpg\" class=\"attachment-small-mobile size-small-mobile\" alt=\"Location Galaxias Mandraki famous Port of Rhodes Island\" srcset=\"https:\/\/www.galaxias.net.gr\/wp-content\/uploads\/sites\/77\/2016\/06\/Location-Galaxias-Mandraki-Harbour-320x213.jpg 320w, https:\/\/www.galaxias.net.gr\/wp-content\/uploads\/sites\/77\/2016\/06\/Location-Galaxias-Mandraki-Harbour-300x200.jpg 300w, https:\/\/www.galaxias.net.gr\/wp-content\/uploads\/sites\/77\/2016\/06\/Location-Galaxias-Mandraki-Harbour-1024x683.jpg 1024w, https:\/\/www.galaxias.net.gr\/wp-content\/uploads\/sites\/77\/2016\/06\/Location-Galaxias-Mandraki-Harbour-1280x853.jpg 1280w, https:\/\/www.galaxias.net.gr\/wp-content\/uploads\/sites\/77\/2016\/06\/Location-Galaxias-Mandraki-Harbour-680x453.jpg 680w, https:\/\/www.galaxias.net.gr\/wp-content\/uploads\/sites\/77\/2016\/06\/Location-Galaxias-Mandraki-Harbour-1920x1280.jpg 1920w\" sizes=\"auto, (max-width: 320px) 100vw, 320px\" \/><\/a><\/dt><\/dl><dl class=\"gallery-item\"><dt class=\"gallery-icon\"><a href=\"https:\/\/www.galaxias.net.gr\/wp-content\/uploads\/sites\/77\/2016\/06\/Location-Galaxias-Tsampika-Beach-1024x683.jpg\"><img loading=\"lazy\" decoding=\"async\" width=\"320\" height=\"213\" src=\"https:\/\/www.galaxias.net.gr\/wp-content\/uploads\/sites\/77\/2016\/06\/Location-Galaxias-Tsampika-Beach-320x213.jpg\" class=\"attachment-small-mobile size-small-mobile\" alt=\"Location Galaxias Tsampika sandy Beach in Rhodes, ideal for families with children\" srcset=\"https:\/\/www.galaxias.net.gr\/wp-content\/uploads\/sites\/77\/2016\/06\/Location-Galaxias-Tsampika-Beach-320x213.jpg 320w, https:\/\/www.galaxias.net.gr\/wp-content\/uploads\/sites\/77\/2016\/06\/Location-Galaxias-Tsampika-Beach-300x200.jpg 300w, https:\/\/www.galaxias.net.gr\/wp-content\/uploads\/sites\/77\/2016\/06\/Location-Galaxias-Tsampika-Beach-1024x683.jpg 1024w, https:\/\/www.galaxias.net.gr\/wp-content\/uploads\/sites\/77\/2016\/06\/Location-Galaxias-Tsampika-Beach-1280x853.jpg 1280w, https:\/\/www.galaxias.net.gr\/wp-content\/uploads\/sites\/77\/2016\/06\/Location-Galaxias-Tsampika-Beach-680x453.jpg 680w, https:\/\/www.galaxias.net.gr\/wp-content\/uploads\/sites\/77\/2016\/06\/Location-Galaxias-Tsampika-Beach-1920x1280.jpg 1920w\" sizes=\"auto, (max-width: 320px) 100vw, 320px\" \/><\/a><\/dt><\/dl><dl class=\"gallery-item\"><dt class=\"gallery-icon\"><a href=\"https:\/\/www.galaxias.net.gr\/wp-content\/uploads\/sites\/77\/2016\/06\/Location-Galaxias-Lindos-Beach-1024x682.jpg\"><img loading=\"lazy\" decoding=\"async\" width=\"320\" height=\"213\" src=\"https:\/\/www.galaxias.net.gr\/wp-content\/uploads\/sites\/77\/2016\/06\/Location-Galaxias-Lindos-Beach-320x213.jpg\" class=\"attachment-small-mobile size-small-mobile\" alt=\"Location Galaxias the beautiful organized Lindos Beach on Rhodes Island\" srcset=\"https:\/\/www.galaxias.net.gr\/wp-content\/uploads\/sites\/77\/2016\/06\/Location-Galaxias-Lindos-Beach-320x213.jpg 320w, https:\/\/www.galaxias.net.gr\/wp-content\/uploads\/sites\/77\/2016\/06\/Location-Galaxias-Lindos-Beach-300x200.jpg 300w, https:\/\/www.galaxias.net.gr\/wp-content\/uploads\/sites\/77\/2016\/06\/Location-Galaxias-Lindos-Beach-1024x682.jpg 1024w, https:\/\/www.galaxias.net.gr\/wp-content\/uploads\/sites\/77\/2016\/06\/Location-Galaxias-Lindos-Beach-1280x853.jpg 1280w, https:\/\/www.galaxias.net.gr\/wp-content\/uploads\/sites\/77\/2016\/06\/Location-Galaxias-Lindos-Beach-680x453.jpg 680w, https:\/\/www.galaxias.net.gr\/wp-content\/uploads\/sites\/77\/2016\/06\/Location-Galaxias-Lindos-Beach-1920x1280.jpg 1920w\" sizes=\"auto, (max-width: 320px) 100vw, 320px\" \/><\/a><\/dt><\/dl><dl class=\"gallery-item\"><dt class=\"gallery-icon\"><a href=\"https:\/\/www.galaxias.net.gr\/wp-content\/uploads\/sites\/77\/2016\/06\/Location-Galaxias-Saint-Fragkiskos-576x1024.jpg\"><img loading=\"lazy\" decoding=\"async\" width=\"320\" height=\"569\" src=\"https:\/\/www.galaxias.net.gr\/wp-content\/uploads\/sites\/77\/2016\/06\/Location-Galaxias-Saint-Fragkiskos-320x569.jpg\" class=\"attachment-small-mobile size-small-mobile\" alt=\"Location Galaxias Saint Fragkiskos Chruch on Rhodes Island\" srcset=\"https:\/\/www.galaxias.net.gr\/wp-content\/uploads\/sites\/77\/2016\/06\/Location-Galaxias-Saint-Fragkiskos-320x569.jpg 320w, https:\/\/www.galaxias.net.gr\/wp-content\/uploads\/sites\/77\/2016\/06\/Location-Galaxias-Saint-Fragkiskos-169x300.jpg 169w, https:\/\/www.galaxias.net.gr\/wp-content\/uploads\/sites\/77\/2016\/06\/Location-Galaxias-Saint-Fragkiskos-576x1024.jpg 576w, https:\/\/www.galaxias.net.gr\/wp-content\/uploads\/sites\/77\/2016\/06\/Location-Galaxias-Saint-Fragkiskos-680x1209.jpg 680w, https:\/\/www.galaxias.net.gr\/wp-content\/uploads\/sites\/77\/2016\/06\/Location-Galaxias-Saint-Fragkiskos.jpg 900w\" sizes=\"auto, (max-width: 320px) 100vw, 320px\" \/><\/a><\/dt><\/dl><dl class=\"gallery-item\"><dt class=\"gallery-icon\"><a href=\"https:\/\/www.galaxias.net.gr\/wp-content\/uploads\/sites\/77\/2016\/06\/Location-Galaxias-Anthony-Quinn-Beach-576x1024.jpg\"><img loading=\"lazy\" decoding=\"async\" width=\"320\" height=\"569\" src=\"https:\/\/www.galaxias.net.gr\/wp-content\/uploads\/sites\/77\/2016\/06\/Location-Galaxias-Anthony-Quinn-Beach-320x569.jpg\" class=\"attachment-small-mobile size-small-mobile\" alt=\"Location Galaxias the famous Anthony Quinn beach on Rhodes Island\" srcset=\"https:\/\/www.galaxias.net.gr\/wp-content\/uploads\/sites\/77\/2016\/06\/Location-Galaxias-Anthony-Quinn-Beach-320x569.jpg 320w, https:\/\/www.galaxias.net.gr\/wp-content\/uploads\/sites\/77\/2016\/06\/Location-Galaxias-Anthony-Quinn-Beach-169x300.jpg 169w, https:\/\/www.galaxias.net.gr\/wp-content\/uploads\/sites\/77\/2016\/06\/Location-Galaxias-Anthony-Quinn-Beach-576x1024.jpg 576w, https:\/\/www.galaxias.net.gr\/wp-content\/uploads\/sites\/77\/2016\/06\/Location-Galaxias-Anthony-Quinn-Beach-680x1209.jpg 680w, https:\/\/www.galaxias.net.gr\/wp-content\/uploads\/sites\/77\/2016\/06\/Location-Galaxias-Anthony-Quinn-Beach.jpg 900w\" sizes=\"auto, (max-width: 320px) 100vw, 320px\" \/><\/a><\/dt><\/dl><dl class=\"gallery-item\"><dt class=\"gallery-icon\"><a href=\"https:\/\/www.galaxias.net.gr\/wp-content\/uploads\/sites\/77\/2016\/06\/Location-Galaxias-Ancient-Theatre-1024x682.jpg\"><img loading=\"lazy\" decoding=\"async\" width=\"320\" height=\"213\" src=\"https:\/\/www.galaxias.net.gr\/wp-content\/uploads\/sites\/77\/2016\/06\/Location-Galaxias-Ancient-Theatre-320x213.jpg\" class=\"attachment-small-mobile size-small-mobile\" alt=\"Location Galaxias the Ancient Theatre of Rhodes Island\" srcset=\"https:\/\/www.galaxias.net.gr\/wp-content\/uploads\/sites\/77\/2016\/06\/Location-Galaxias-Ancient-Theatre-320x213.jpg 320w, https:\/\/www.galaxias.net.gr\/wp-content\/uploads\/sites\/77\/2016\/06\/Location-Galaxias-Ancient-Theatre-300x200.jpg 300w, https:\/\/www.galaxias.net.gr\/wp-content\/uploads\/sites\/77\/2016\/06\/Location-Galaxias-Ancient-Theatre-1024x682.jpg 1024w, https:\/\/www.galaxias.net.gr\/wp-content\/uploads\/sites\/77\/2016\/06\/Location-Galaxias-Ancient-Theatre-1280x853.jpg 1280w, https:\/\/www.galaxias.net.gr\/wp-content\/uploads\/sites\/77\/2016\/06\/Location-Galaxias-Ancient-Theatre-680x453.jpg 680w, https:\/\/www.galaxias.net.gr\/wp-content\/uploads\/sites\/77\/2016\/06\/Location-Galaxias-Ancient-Theatre-1920x1280.jpg 1920w\" sizes=\"auto, (max-width: 320px) 100vw, 320px\" \/><\/a><\/dt><\/dl><dl class=\"gallery-item\"><dt class=\"gallery-icon\"><a href=\"https:\/\/www.galaxias.net.gr\/wp-content\/uploads\/sites\/77\/2016\/06\/Location-Galaxias-Monte-Smith-1024x576.jpg\"><img loading=\"lazy\" decoding=\"async\" width=\"320\" height=\"180\" src=\"https:\/\/www.galaxias.net.gr\/wp-content\/uploads\/sites\/77\/2016\/06\/Location-Galaxias-Monte-Smith-320x180.jpg\" class=\"attachment-small-mobile size-small-mobile\" alt=\"Location Galaxias Monte Smith view on Rhodes Island\" srcset=\"https:\/\/www.galaxias.net.gr\/wp-content\/uploads\/sites\/77\/2016\/06\/Location-Galaxias-Monte-Smith-320x180.jpg 320w, https:\/\/www.galaxias.net.gr\/wp-content\/uploads\/sites\/77\/2016\/06\/Location-Galaxias-Monte-Smith-300x169.jpg 300w, https:\/\/www.galaxias.net.gr\/wp-content\/uploads\/sites\/77\/2016\/06\/Location-Galaxias-Monte-Smith-1024x576.jpg 1024w, https:\/\/www.galaxias.net.gr\/wp-content\/uploads\/sites\/77\/2016\/06\/Location-Galaxias-Monte-Smith-1280x720.jpg 1280w, https:\/\/www.galaxias.net.gr\/wp-content\/uploads\/sites\/77\/2016\/06\/Location-Galaxias-Monte-Smith-680x383.jpg 680w, https:\/\/www.galaxias.net.gr\/wp-content\/uploads\/sites\/77\/2016\/06\/Location-Galaxias-Monte-Smith.jpg 1600w\" sizes=\"auto, (max-width: 320px) 100vw, 320px\" \/><\/a><\/dt><\/dl><\/div>\n<div class=\"center\">\n<div>\n   <a class=\"custom-book-room book--big button icon-none adwordsEvent\" title=\"book now\" href=\"https:\/\/galaxias.book-onlinenow.net\/\" target=\"_blank\">Book now<\/a>for the best rates and exclusive benefits\n  <\/div>\n<\/div>\n<p><\/p>","protected":false},"excerpt":{"rendered":"<p class=\"qtranxs-available-languages-message qtranxs-available-languages-message-fr\">D\u00e9sol\u00e9, cet article est seulement disponible en <a href=\"https:\/\/www.galaxias.net.gr\/en\/wp-json\/wp\/v2\/pages\/8\" class=\"qtranxs-available-language-link qtranxs-available-language-link-en\" title=\"English\">English<\/a>, <a href=\"https:\/\/www.galaxias.net.gr\/de\/wp-json\/wp\/v2\/pages\/8\" class=\"qtranxs-available-language-link qtranxs-available-language-link-de\" title=\"Deutsch\">Deutsch<\/a>, <a href=\"https:\/\/www.galaxias.net.gr\/it\/wp-json\/wp\/v2\/pages\/8\" class=\"qtranxs-available-language-link qtranxs-available-language-link-it\" title=\"Italiano\">Italiano<\/a>, <a href=\"https:\/\/www.galaxias.net.gr\/el\/wp-json\/wp\/v2\/pages\/8\" class=\"qtranxs-available-language-link qtranxs-available-language-link-el\" title=\"\u0395\u03bb\u03bb\u03b7\u03bd\u03b9\u03ba\u03ac\">\u0395\u03bb\u03bb\u03b7\u03bd\u03b9\u03ba\u03ac<\/a> et <a href=\"https:\/\/www.galaxias.net.gr\/ru\/wp-json\/wp\/v2\/pages\/8\" class=\"qtranxs-available-language-link qtranxs-available-language-link-ru\" title=\"\u0420\u0443\u0441\u0441\u043a\u0438\u0439\">\u0420\u0443\u0441\u0441\u043a\u0438\u0439<\/a>.<\/p>\n","protected":false},"author":1,"featured_media":53,"parent":0,"menu_order":0,"comment_status":"closed","ping_status":"closed","template":"page_location.php","meta":{"footnotes":""},"class_list":["post-8","page","type-page","status-publish","has-post-thumbnail","hentry"],"_links":{"self":[{"href":"https:\/\/www.galaxias.net.gr\/fr\/wp-json\/wp\/v2\/pages\/8","targetHints":{"allow":["GET"]}}],"collection":[{"href":"https:\/\/www.galaxias.net.gr\/fr\/wp-json\/wp\/v2\/pages"}],"about":[{"href":"https:\/\/www.galaxias.net.gr\/fr\/wp-json\/wp\/v2\/types\/page"}],"author":[{"embeddable":true,"href":"https:\/\/www.galaxias.net.gr\/fr\/wp-json\/wp\/v2\/users\/1"}],"replies":[{"embeddable":true,"href":"https:\/\/www.galaxias.net.gr\/fr\/wp-json\/wp\/v2\/comments?post=8"}],"version-history":[{"count":64,"href":"https:\/\/www.galaxias.net.gr\/fr\/wp-json\/wp\/v2\/pages\/8\/revisions"}],"predecessor-version":[{"id":1021,"href":"https:\/\/www.galaxias.net.gr\/fr\/wp-json\/wp\/v2\/pages\/8\/revisions\/1021"}],"wp:featuredmedia":[{"embeddable":true,"href":"https:\/\/www.galaxias.net.gr\/fr\/wp-json\/wp\/v2\/media\/53"}],"wp:attachment":[{"href":"https:\/\/www.galaxias.net.gr\/fr\/wp-json\/wp\/v2\/media?parent=8"}],"curies":[{"name":"wp","href":"https:\/\/api.w.org\/{rel}","templated":true}]}}