{"id":4,"date":"2016-06-21T06:42:09","date_gmt":"2016-06-21T06:42:09","guid":{"rendered":"http:\/\/galaxias.codibee.solutions\/home\/"},"modified":"2020-11-09T10:43:24","modified_gmt":"2020-11-09T08:43:24","slug":"home","status":"publish","type":"page","link":"https:\/\/www.galaxias.net.gr\/fr\/","title":{"rendered":"Home"},"content":{"rendered":"<p><\/p>\n<h2>Vous venez \u00e0 Rhodes !<\/h2>\n<p>&nbsp;<br \/>\nPourquoi ne pas s\u00e9journer au c\u0153ur de la ville, en ayant facilement acc\u00e8s aux sites les plus importants de l\u2019\u00eele ?<\/p>\n<p>&nbsp;<\/p>\n<div class=\"two-col-container cdb-container\">\n<div class=\"cdb-half\">\n<p>Sur une rue centrale, commer\u00e7ante, avec des caf\u00e9s et des banques. <\/p>\n<p>Loin du bruit de la nuit qui d\u00e9range.<\/p>\n<p>En b\u00e9n\u00e9ficiant de parking gratuit.<\/p>\n<p>Dans un h\u00f4tel calme, s\u00fbr et luxueux. En d\u00e9couvrant le secret de la Galaxie, comme les Grecs anciens nous l\u2019ont r\u00e9v\u00e9l\u00e9.<\/p>\n<p>En pouvant vous d\u00e9placer facilement, m\u00eame \u00e0 pied, pour vous rendre aux sites les plus int\u00e9ressants.<\/p>\n<p>Pour savourer une balade en soir\u00e9e et vous retrouver, dans 15 minutes \u00e0 peine, \u00e0 l\u2019ancienne Citadelle, l\u2019ancien Stade, l\u2019ancien Th\u00e9\u00e2tre, le temple d\u2019Apollon, et pour immortaliser les plus beaux couchers de soleil sur la mer \u00c9g\u00e9e.<\/p>\n<p>D\u00e9tendez-vous en prenant un verre de vin ou un cocktail dans notre bar ou notre jardin.<\/p>\n<\/div>\n<div class=\"cdb-half\">\n<p>Explorez, apr\u00e8s 10 minutes de marche, la cit\u00e9 m\u00e9di\u00e9vale anim\u00e9e de la forte  \u00ab pr\u00e9sence \u00bb des Chevaliers de Saint-Jean. C\u2019est le site o\u00f9 se r\u00e9unit la ville mais aussi toute l\u2019\u00eele ! Elle vous offre une multitude d\u2019\u00e9v\u00e8nements artistiques et culturels (concerts, festivals m\u00e9di\u00e9vaux !) Et sa vie nocturne intense r\u00e9pondra parfaitement \u00e0 vos attentes ! <\/p>\n<p>Au matin, apr\u00e8s avoir savour\u00e9 votre petit d\u00e9jeuner au restaurant, dans le jardin ou dans votre chambre, partez \u00e0 la d\u00e9couverte des beaut\u00e9s de l\u2019\u00eele, en profitant des renseignements que vous recevrez \u00e0 la r\u00e9ception.<\/p>\n<p>En auto ou en bus (5 minutes de marche), d\u00e9couvrez les plages les plus populaires de l\u2019\u00eele.<\/p>\n<p>Profitez de nos offres exceptionnelles !<\/p>\n<p>Offres sp\u00e9ciales pour nos membres !<\/p>\n<\/div>\n<\/div>\n<p><\/p>","protected":false},"excerpt":{"rendered":"<p>Vous venez \u00e0 Rhodes ! &nbsp; Pourquoi ne pas s\u00e9journer au c\u0153ur de la ville, en ayant facilement acc\u00e8s aux sites les plus importants de l\u2019\u00eele ? &nbsp; Sur une rue centrale, commer\u00e7ante, avec des caf\u00e9s et des banques. Loin du bruit de la nuit qui d\u00e9range. En b\u00e9n\u00e9ficiant de parking gratuit. Dans un h\u00f4tel [&hellip;]<\/p>\n","protected":false},"author":1,"featured_media":35,"parent":0,"menu_order":0,"comment_status":"closed","ping_status":"closed","template":"","meta":{"footnotes":""},"class_list":["post-4","page","type-page","status-publish","has-post-thumbnail","hentry"],"_links":{"self":[{"href":"https:\/\/www.galaxias.net.gr\/fr\/wp-json\/wp\/v2\/pages\/4","targetHints":{"allow":["GET"]}}],"collection":[{"href":"https:\/\/www.galaxias.net.gr\/fr\/wp-json\/wp\/v2\/pages"}],"about":[{"href":"https:\/\/www.galaxias.net.gr\/fr\/wp-json\/wp\/v2\/types\/page"}],"author":[{"embeddable":true,"href":"https:\/\/www.galaxias.net.gr\/fr\/wp-json\/wp\/v2\/users\/1"}],"replies":[{"embeddable":true,"href":"https:\/\/www.galaxias.net.gr\/fr\/wp-json\/wp\/v2\/comments?post=4"}],"version-history":[{"count":52,"href":"https:\/\/www.galaxias.net.gr\/fr\/wp-json\/wp\/v2\/pages\/4\/revisions"}],"predecessor-version":[{"id":1221,"href":"https:\/\/www.galaxias.net.gr\/fr\/wp-json\/wp\/v2\/pages\/4\/revisions\/1221"}],"wp:featuredmedia":[{"embeddable":true,"href":"https:\/\/www.galaxias.net.gr\/fr\/wp-json\/wp\/v2\/media\/35"}],"wp:attachment":[{"href":"https:\/\/www.galaxias.net.gr\/fr\/wp-json\/wp\/v2\/media?parent=4"}],"curies":[{"name":"wp","href":"https:\/\/api.w.org\/{rel}","templated":true}]}}