{"id":286,"date":"2017-09-13T09:28:05","date_gmt":"2017-09-13T06:28:05","guid":{"rendered":"http:\/\/www.galaxias.net.gr\/el\/?page_id=286"},"modified":"2019-04-17T09:19:10","modified_gmt":"2019-04-17T06:19:10","slug":"events-activities","status":"publish","type":"page","link":"https:\/\/www.galaxias.net.gr\/fr\/events-activities\/","title":{"rendered":"Events \/ \u0391ctivities"},"content":{"rendered":"<p>Rhodes est une grande \u00eele et poss\u00e8de une foule de sites historiques arch\u00e9ologiques et m\u00e9di\u00e9vaux, des lieux d&rsquo;int\u00e9r\u00eat particulier que vous pouvez visiter. L&rsquo;\u00eele accueille souvent des \u00e9v\u00e9nements culturels, des concerts, des expositions, des repr\u00e9sentations th\u00e9\u00e2trales et d&rsquo;autres \u00e9v\u00e9nements int\u00e9ressants. Lors de la r\u00e9ception de l&rsquo;h\u00f4tel, vous pouvez obtenir des informations sp\u00e9cifiques, mieux conna\u00eetre l&rsquo;\u00eele et approfondir les \u00e9v\u00e9nements culturels qui rendent vos vacances plus int\u00e9ressantes.<\/p>\n<p>Vous pouvez \u00e9galement obtenir des informations sur la richesse naturelle de la r\u00e9gion, sur les voyages nature ou les excursions vers la nature, les \u00e9tablissements int\u00e9ressants, les ports pittoresques et les \u00eeles voisines. Vous trouverez \u00e9galement des informations sur les activit\u00e9s telles que la planche \u00e0 voile, la plong\u00e9e sous-marine, le ski nautique, la conduite hors route, etc.<\/p>","protected":false},"excerpt":{"rendered":"<p>Rhodes est une grande \u00eele et poss\u00e8de une foule de sites historiques arch\u00e9ologiques et m\u00e9di\u00e9vaux, des lieux d&rsquo;int\u00e9r\u00eat particulier que vous pouvez visiter. L&rsquo;\u00eele accueille souvent des \u00e9v\u00e9nements culturels, des concerts, des expositions, des repr\u00e9sentations th\u00e9\u00e2trales et d&rsquo;autres \u00e9v\u00e9nements int\u00e9ressants. Lors de la r\u00e9ception de l&rsquo;h\u00f4tel, vous pouvez obtenir des informations sp\u00e9cifiques, mieux conna\u00eetre l&rsquo;\u00eele [&hellip;]<\/p>\n","protected":false},"author":82,"featured_media":26,"parent":0,"menu_order":0,"comment_status":"closed","ping_status":"closed","template":"","meta":{"footnotes":""},"class_list":["post-286","page","type-page","status-publish","has-post-thumbnail","hentry"],"_links":{"self":[{"href":"https:\/\/www.galaxias.net.gr\/fr\/wp-json\/wp\/v2\/pages\/286","targetHints":{"allow":["GET"]}}],"collection":[{"href":"https:\/\/www.galaxias.net.gr\/fr\/wp-json\/wp\/v2\/pages"}],"about":[{"href":"https:\/\/www.galaxias.net.gr\/fr\/wp-json\/wp\/v2\/types\/page"}],"author":[{"embeddable":true,"href":"https:\/\/www.galaxias.net.gr\/fr\/wp-json\/wp\/v2\/users\/82"}],"replies":[{"embeddable":true,"href":"https:\/\/www.galaxias.net.gr\/fr\/wp-json\/wp\/v2\/comments?post=286"}],"version-history":[{"count":15,"href":"https:\/\/www.galaxias.net.gr\/fr\/wp-json\/wp\/v2\/pages\/286\/revisions"}],"predecessor-version":[{"id":1017,"href":"https:\/\/www.galaxias.net.gr\/fr\/wp-json\/wp\/v2\/pages\/286\/revisions\/1017"}],"wp:featuredmedia":[{"embeddable":true,"href":"https:\/\/www.galaxias.net.gr\/fr\/wp-json\/wp\/v2\/media\/26"}],"wp:attachment":[{"href":"https:\/\/www.galaxias.net.gr\/fr\/wp-json\/wp\/v2\/media?parent=286"}],"curies":[{"name":"wp","href":"https:\/\/api.w.org\/{rel}","templated":true}]}}