{"id":20,"date":"2016-06-21T06:42:09","date_gmt":"2016-06-21T06:42:09","guid":{"rendered":"http:\/\/galaxias.codibee.solutions\/extra-page-two\/"},"modified":"2024-07-15T12:09:06","modified_gmt":"2024-07-15T09:09:06","slug":"hotel-policies","status":"publish","type":"page","link":"https:\/\/www.galaxias.net.gr\/fr\/hotel-policies\/","title":{"rendered":"\u0397otel Politiques"},"content":{"rendered":"<p>Veuillez lire attentivement les politiques de l\u2019H\u00f4tel Galaxias.<\/p>\n<p><strong>Politique en mati\u00e8re de tarification :<\/strong> Les tarifs de chambres sont entendus comme couvrant uniquement le s\u00e9jour et d\u00e9pendent de la p\u00e9riode s\u00e9lectionn\u00e9e, de la disponibilit\u00e9 et de la dur\u00e9e du s\u00e9jour. Le petit d\u00e9jeuner est propos\u00e9 moyennant suppl\u00e9ment. Tr\u00e8s souvent, nous proposons des tarifs r\u00e9duits qui sont non remboursables et acquitt\u00e9s par avance par d\u00e9p\u00f4t bancaire ou carte de cr\u00e9dit.<\/p>\n<p><strong>Politique en mati\u00e8re d\u2019\u00e2ges :<\/strong> Nourrissons et jeunes enfants : 0 \u00e0 6 ans. Enfants : 6 \u00e0 12 ans. Adultes : 13 ans et +.<br \/>\nLes nourrissons et jeunes enfants (0 \u00e0 6 ans) s\u00e9journent gratuitement, s\u2019ils utilisent le lit de leurs parents.<br \/>\nLes enfants (6 \u00e0 12 ans) s\u00e9journent dans un lit s\u00e9par\u00e9, moyennant suppl\u00e9ment de 15 euros.<br \/>\nLes adultes (13 ans et +) s\u00e9journent, en lit s\u00e9par\u00e9, moyennant suppl\u00e9ment de 15 euros.<\/p>\n<p><strong>Tarifs \/ Offres r\u00e9duites non remboursables :<\/strong> Les tarifs non remboursables ou les offres de r\u00e9duction sont des tarifs sp\u00e9ciaux acquitt\u00e9s au moment de la r\u00e9servation et d\u00e9pourvus de la possibilit\u00e9 du remboursement.<\/p>\n<p><strong>Lit\/Personne suppl\u00e9mentaire :<\/strong> Le lit suppl\u00e9mentaire est propos\u00e9 moyennant 15 euros par jour, s\u2019il concerne un enfant \u00e2g\u00e9 de 12 ans, maximum.<br \/>\nPour les adultes (13 ans ou plus), le lit suppl\u00e9mentaire est propos\u00e9 moyennant un suppl\u00e9ment de 15 euros par jour.<br \/>\nUn lit suppl\u00e9mentaire peut \u00eatre ajout\u00e9 uniquement dans les chambres deux personnes. Aucune autre option n\u2019est disponible.<\/p>\n<p><strong>Validation de r\u00e9servation :<\/strong> Le Client est tenu de d\u00e9poser aupr\u00e8s de notre compte en banque l\u2019acompte fix\u00e9 par le syst\u00e8me (pour le tarif ordinaire de chambre) ou la somme totale (pour les offres non remboursables ou en cas de r\u00e9duction sp\u00e9ciale). \u00c0 titre alternatif, il est possible d\u2019utiliser votre carte de cr\u00e9dit. Alors, la r\u00e9servation sera valide.<\/p>\n<p><strong>Politique en mati\u00e8re d\u2019annulation :<\/strong>Si les annulations sont faites 14 jours avant le jour de l&rsquo;arriv\u00e9e, le client sera rembours\u00e9 de l&rsquo;argent fourni pour la r\u00e9servation s\u00e9lectionn\u00e9e. Si l&rsquo;annulation intervient moins de 14 jours avant la date d&rsquo;arriv\u00e9e, 50% du montant est rembours\u00e9. Si le client n&rsquo;appara\u00eet pas, aucun argent n&rsquo;est retourn\u00e9. Pour les r\u00e9servations non remboursables ou les offres de r\u00e9duction, il n&rsquo;y a pas d&rsquo;option d&rsquo;annulation, de modification ou de remboursement.<\/p>\n<p><strong>Demandes particuli\u00e8res :<\/strong> Nous consentons tout effort possible pour rendre votre s\u00e9jour le plus agr\u00e9able possible jusqu\u2019au moment de votre d\u00e9part. Par exemple, vous pouvez disposer de deux lits jumeaux au lieu d\u2019un lit double, d\u2019une chambre \u00e0 un autre \u00e9tage ou \u00e0 dans une autre partie de l\u2019h\u00f4tel, etc.<\/p>\n<p><strong>Non-pr\u00e9sentation :<\/strong> En cas de non-pr\u00e9sentation jusqu\u2019\u00e0 24h00, la r\u00e9servation est annul\u00e9e sans possibilit\u00e9 de se voir rembourser aucune somme, \u00e0 mois que le client n\u2019ait inform\u00e9 l\u2019h\u00f4tel du retard de son arriv\u00e9e.<\/p>\n<p><strong>Enregistrement :<\/strong> L\u2019enregistrement commence \u00e0 15h00. Vous pouvez v\u00e9rifier directement aupr\u00e8s de la r\u00e9ception si votre chambre est susceptible d\u2019\u00eatre pr\u00eate plus t\u00f4t.<\/p>\n<p><strong>D\u00e9part :<\/strong> L\u2019heure du d\u00e9part de la chambre est, au plus tard, 11h00. Vous pouvez v\u00e9rifier directement aupr\u00e8s de la r\u00e9ception si la chambre sera disponible pour un d\u00e9part tardif (Late Check Out).<\/p>\n<p><strong>D\u00e9part tardif (Late Check-Out) :<\/strong> Si cela est possible, en fonction des r\u00e9servations, un suppl\u00e9ment \u00e9gal \u00e0 50% du tarif de la chambre sera impos\u00e9 pour le d\u00e9part tardif se situant entre 12h00 et 18h00. Pour le d\u00e9part apr\u00e8s 18h00 le suppl\u00e9ment \u00e9quivaut \u00e0 l\u2019int\u00e9gralit\u00e9 (100%) du tarif de la chambre.<\/p>\n<p><strong>Politique en mati\u00e8re de visiteurs :<\/strong> Une personne peut se rendre dans une chambre uniquement si le client et le demande et s\u2019il ou elle laisse sa carte d\u2019identit\u00e9 \u00e0 la r\u00e9ception.<br \/>\nPour les visites de plus de 30 minutes ou les visites apr\u00e8s 23h00, ou si le visiteur fait usage de l\u2019\u00e9quipement de la chambre (WC, linge de chambre, lit, etc.), un suppl\u00e9ment pour une personne suppl\u00e9mentaire est appliqu\u00e9, minimum 15 euros par jour \/ nuit. Les visiteurs sont des personnes non incluses dans la r\u00e9servation, et les tarifs des visiteurs n&rsquo;ont rien \u00e0 voir avec les tarifs de r\u00e9servation ou les offres sp\u00e9ciales.<\/p>\n<p><strong>Fumer :<\/strong> Fumer N\u2019est PAS autoris\u00e9 dans la chambre ni dans l\u2019h\u00f4tel. Il est strictement interdit. Un suppl\u00e9ment s\u2019\u00e9levant \u00e0 la somme d\u2019au moins 150 euros sera r\u00e9clam\u00e9 au titre de frais de nettoyage et l\u2019h\u00f4te sera expuls\u00e9 de la chambre si nous identifions de la fum\u00e9e\/odeur dans la chambre. En outre, nous r\u00e9clamerons des pertes financi\u00e8res si le client suivant refuse d\u2019utiliser la chambre \u00e0 cause des traces de fum\u00e9e\/odeur.<\/p>\n<p><strong>Denr\u00e9es alimentaires dans la chambre :<\/strong> Il n\u2019est pas autoris\u00e9 d\u2019emporter des denr\u00e9es alimentaires dans la chambre. Un suppl\u00e9ment s\u2019\u00e9levant \u00e0 la somme d\u2019au moins 150 euros sera r\u00e9clam\u00e9 au titre de frais de nettoyage et l\u2019h\u00f4te sera expuls\u00e9 de la chambre si nous identifions des traces \/ odeurs d\u2019aliments dans la chambre. En outre, nous r\u00e9clamerons des pertes financi\u00e8res si le client suivant refuse d\u2019utiliser la chambre \u00e0 cause des traces \/ odeurs d\u2019aliments.<\/p>\n<p><strong>Aliments \/ Boissons :<\/strong> Nos clients ne sont pas oblig\u00e9s de consommer des aliments \/ boissons de notre restaurant \/ bar. Cependant, nos clients ne sont pas autoris\u00e9s \u00e0 utiliser la zone de l&rsquo;h\u00f4tel, les installations et l&rsquo;\u00e9quipement pour la nourriture \/ les boissons d&rsquo;autres entreprises..<\/p>\n<p><strong>Animaux de compagnie :<\/strong> Ils ne sont pas autoris\u00e9s.<\/p>\n<p><strong>Meubles et linge de maison de la chambre :<\/strong> Nous ne garantissons pas le mobilier ou la couleur du linge des chambres. Ils sont susceptibles de varier.<\/p>\n<p><strong>Utilisation de la kitchenette :<\/strong> Nous consentons tout effort possible pour maintenir les tarifs \u00e0 un niveau abordable et vous proposer un int\u00e9ressant rapport qualit\u00e9\/prix. Ainsi, l\u2019utilisation de la kitchenette, le cas \u00e9ch\u00e9ant, n\u2019est pas inclus au tarif de la chambre, car elle peut exiger plus de temps de nettoyage par la femme de chambre. En outre, la majorit\u00e9 des clients n\u2019en ont pas besoin. Si vous souhaitez b\u00e9n\u00e9ficier de ce service, cela est possible moyennant un suppl\u00e9ment de 5 euros par jour, pour TOUS les jours de votre s\u00e9jour. Sinon, nous facturons 10 euros pour chaque jour. Ce service met \u00e0 votre disposition une bouilloire, des assiettes, des couverts, des tasses, des verres, une petite casserole (pour faire bouillir des \u0153ufs ou du lait), du caf\u00e9\/th\u00e9 et du sucre, pour les jours de votre s\u00e9jour. L\u2019\u00e9quipement est destin\u00e9 au petit d\u00e9jeuner ou des repas vraiment l\u00e9gers. Il est INTERDIT de pr\u00e9parer des repas.<\/p>","protected":false},"excerpt":{"rendered":"<p>Veuillez lire attentivement les politiques de l\u2019H\u00f4tel Galaxias. Politique en mati\u00e8re de tarification : Les tarifs de chambres sont entendus comme couvrant uniquement le s\u00e9jour et d\u00e9pendent de la p\u00e9riode s\u00e9lectionn\u00e9e, de la disponibilit\u00e9 et de la dur\u00e9e du s\u00e9jour. Le petit d\u00e9jeuner est propos\u00e9 moyennant suppl\u00e9ment. Tr\u00e8s souvent, nous proposons des tarifs r\u00e9duits qui [&hellip;]<\/p>\n","protected":false},"author":1,"featured_media":62,"parent":0,"menu_order":0,"comment_status":"closed","ping_status":"closed","template":"","meta":{"footnotes":""},"class_list":["post-20","page","type-page","status-publish","has-post-thumbnail","hentry"],"_links":{"self":[{"href":"https:\/\/www.galaxias.net.gr\/fr\/wp-json\/wp\/v2\/pages\/20","targetHints":{"allow":["GET"]}}],"collection":[{"href":"https:\/\/www.galaxias.net.gr\/fr\/wp-json\/wp\/v2\/pages"}],"about":[{"href":"https:\/\/www.galaxias.net.gr\/fr\/wp-json\/wp\/v2\/types\/page"}],"author":[{"embeddable":true,"href":"https:\/\/www.galaxias.net.gr\/fr\/wp-json\/wp\/v2\/users\/1"}],"replies":[{"embeddable":true,"href":"https:\/\/www.galaxias.net.gr\/fr\/wp-json\/wp\/v2\/comments?post=20"}],"version-history":[{"count":79,"href":"https:\/\/www.galaxias.net.gr\/fr\/wp-json\/wp\/v2\/pages\/20\/revisions"}],"predecessor-version":[{"id":1414,"href":"https:\/\/www.galaxias.net.gr\/fr\/wp-json\/wp\/v2\/pages\/20\/revisions\/1414"}],"wp:featuredmedia":[{"embeddable":true,"href":"https:\/\/www.galaxias.net.gr\/fr\/wp-json\/wp\/v2\/media\/62"}],"wp:attachment":[{"href":"https:\/\/www.galaxias.net.gr\/fr\/wp-json\/wp\/v2\/media?parent=20"}],"curies":[{"name":"wp","href":"https:\/\/api.w.org\/{rel}","templated":true}]}}