{"id":19,"date":"2016-06-21T06:42:09","date_gmt":"2016-06-21T06:42:09","guid":{"rendered":"http:\/\/galaxias.codibee.solutions\/extra-page-one\/"},"modified":"2019-03-28T09:50:07","modified_gmt":"2019-03-28T07:50:07","slug":"hotel-distances","status":"publish","type":"page","link":"https:\/\/www.galaxias.net.gr\/fr\/hotel-distances\/","title":{"rendered":"Distances"},"content":{"rendered":"<p>Distances depuis l\u2019h\u00f4tel Galaxias, la ville de Rhodes<br \/>\n\u2022\tVille m\u00e9di\u00e9vale: 10-15 min \u00e0 pied<br \/>\n\u2022\tCath\u00e9drale de St Francis: 10 &#8211; 15 min \u00e0 pied<br \/>\n\u2022\tAncienne Acropole : 15 min \u00e0 pied<br \/>\n\u2022\tAncien Stade 15 min \u00e0 pied<br \/>\n\u2022\tTemple de Dieu Apollo: 20 min \u00e0 pied<br \/>\n\u2022\tPlage (en ville) : 20 &#8211; 25 min \u00e0 pied, 4 &#8211; 5 min en voiture \/ v\u00e9lo<br \/>\n\u2022\tLes meilleures plages sur l\u2019\u00eele : arr\u00eat de bus \u00e0 5 min \u00e0 pied pour aller aux plages les plus populaires de l\u2019\u00eele: \u039aalithea, Anthony Quinn, Faliraki, Traganou, Tsampika, Lindos etc,<br \/>\n\u2022\tParc Rodini: 25 min \u00e0 pied<br \/>\n\u2022\tUniversit\u00e9 : 10 min \u00e0 pied<br \/>\n\u2022\tSuper March\u00e9 Carrefoure: 5 min \u00e0 pied<br \/>\n\u2022\tSuper March\u00e9 My Market: 5 min \u00e0 pied<br \/>\n\u2022\tStade de Football 500m<br \/>\n\u2022\tCentre Sportif Venetoklio: 5 min \u00e0 pied<br \/>\n\u2022\tH\u00f4pital: 2 km<br \/>\n\u2022\tA\u00e9roport: 15 km (en dehors de la ville)<br \/>\n\u2022\tPort: 2 km<br \/>\n\u2022\tStation de Taxi: 100 m<br \/>\n\u2022\tArr\u00eat de bus pour le centre-ville: 30 m<br \/>\n\u2022\tParking: gratuit sur la route, presqu\u2019en dehors de l\u2019h\u00f4tel et  parking convenable et gratuity en face de l\u2019h\u00f4tel, \u00e0 50m.<\/p>\n<\/ul>\n<p><\/p>","protected":false},"excerpt":{"rendered":"<p>Galaxias, Rhodes hotel, qui se trouve au milieu de la ville! Galaxias est situ\u00e9 dans le centre de la ville. Vous pouvez acc\u00e9der \u00e0 tout \u00e0 partir d&#8217;ici, m\u00eame \u00e0 pied. Vous pouvez vous promener \u00e0 la plage Zefyros \u00e0 environ 20 min. Et de la vieille ville m\u00e9di\u00e9vale, \u00e0 environ 15 min.<\/p>\n","protected":false},"author":1,"featured_media":24,"parent":0,"menu_order":0,"comment_status":"closed","ping_status":"closed","template":"","meta":{"footnotes":""},"class_list":["post-19","page","type-page","status-publish","has-post-thumbnail","hentry"],"_links":{"self":[{"href":"https:\/\/www.galaxias.net.gr\/fr\/wp-json\/wp\/v2\/pages\/19","targetHints":{"allow":["GET"]}}],"collection":[{"href":"https:\/\/www.galaxias.net.gr\/fr\/wp-json\/wp\/v2\/pages"}],"about":[{"href":"https:\/\/www.galaxias.net.gr\/fr\/wp-json\/wp\/v2\/types\/page"}],"author":[{"embeddable":true,"href":"https:\/\/www.galaxias.net.gr\/fr\/wp-json\/wp\/v2\/users\/1"}],"replies":[{"embeddable":true,"href":"https:\/\/www.galaxias.net.gr\/fr\/wp-json\/wp\/v2\/comments?post=19"}],"version-history":[{"count":23,"href":"https:\/\/www.galaxias.net.gr\/fr\/wp-json\/wp\/v2\/pages\/19\/revisions"}],"predecessor-version":[{"id":988,"href":"https:\/\/www.galaxias.net.gr\/fr\/wp-json\/wp\/v2\/pages\/19\/revisions\/988"}],"wp:featuredmedia":[{"embeddable":true,"href":"https:\/\/www.galaxias.net.gr\/fr\/wp-json\/wp\/v2\/media\/24"}],"wp:attachment":[{"href":"https:\/\/www.galaxias.net.gr\/fr\/wp-json\/wp\/v2\/media?parent=19"}],"curies":[{"name":"wp","href":"https:\/\/api.w.org\/{rel}","templated":true}]}}