{"id":13,"date":"2016-06-21T06:42:09","date_gmt":"2016-06-21T06:42:09","guid":{"rendered":"http:\/\/galaxias.codibee.solutions\/about-village\/"},"modified":"2019-03-28T09:52:12","modified_gmt":"2019-03-28T07:52:12","slug":"rhodos-rooms","status":"publish","type":"page","link":"https:\/\/www.galaxias.net.gr\/fr\/rhodos-rooms\/","title":{"rendered":"Hotel ile de Rhodes"},"content":{"rendered":"<p>Notre hotel Rodos a tr\u00e8s bon prix et une excellente qualit\u00e9. <strong>Galaxias<\/strong> propose des appartement avec un emplacement id\u00e9al et le bel environnement a Rhodes.\u00a0Rhodes a de nombreux h\u00f4tels pour que vous restiez. Galaxias City H\u00f4tel a l&#8217;un des meilleurs taux qualit\u00e9 \/ prix parmi beaucoup d&#8217;autres logements de l&#8217;\u00eele.<\/p>\n<p>Il combine des tarifs abordables et un excellent prix avec le confort et le luxe. Malgr\u00e9 le fait que g\u00e9n\u00e9ralement les h\u00f4tels de la ville sont consid\u00e9r\u00e9s comme assez expencive bas\u00e9e sur le confort qu&#8217;ils offrent, cela ne s&#8217;applique pas \u00e0 notre cas.<\/p>\n<p>Nous vous proposons des appartements avec d&#8217;excellents services. Il vous surprendra agr\u00e9ablement.<\/p>","protected":false},"excerpt":{"rendered":"<p class=\"qtranxs-available-languages-message qtranxs-available-languages-message-fr\">D\u00e9sol\u00e9, cet article est seulement disponible en <a href=\"https:\/\/www.galaxias.net.gr\/en\/wp-json\/wp\/v2\/pages\/13\" class=\"qtranxs-available-language-link qtranxs-available-language-link-en\" title=\"English\">English<\/a>, <a href=\"https:\/\/www.galaxias.net.gr\/de\/wp-json\/wp\/v2\/pages\/13\" class=\"qtranxs-available-language-link qtranxs-available-language-link-de\" title=\"Deutsch\">Deutsch<\/a>, <a href=\"https:\/\/www.galaxias.net.gr\/it\/wp-json\/wp\/v2\/pages\/13\" class=\"qtranxs-available-language-link qtranxs-available-language-link-it\" title=\"Italiano\">Italiano<\/a> et <a href=\"https:\/\/www.galaxias.net.gr\/el\/wp-json\/wp\/v2\/pages\/13\" class=\"qtranxs-available-language-link qtranxs-available-language-link-el\" title=\"\u0395\u03bb\u03bb\u03b7\u03bd\u03b9\u03ba\u03ac\">\u0395\u03bb\u03bb\u03b7\u03bd\u03b9\u03ba\u03ac<\/a>.<\/p>\n","protected":false},"author":1,"featured_media":59,"parent":0,"menu_order":0,"comment_status":"closed","ping_status":"closed","template":"","meta":{"footnotes":""},"class_list":["post-13","page","type-page","status-publish","has-post-thumbnail","hentry"],"_links":{"self":[{"href":"https:\/\/www.galaxias.net.gr\/fr\/wp-json\/wp\/v2\/pages\/13","targetHints":{"allow":["GET"]}}],"collection":[{"href":"https:\/\/www.galaxias.net.gr\/fr\/wp-json\/wp\/v2\/pages"}],"about":[{"href":"https:\/\/www.galaxias.net.gr\/fr\/wp-json\/wp\/v2\/types\/page"}],"author":[{"embeddable":true,"href":"https:\/\/www.galaxias.net.gr\/fr\/wp-json\/wp\/v2\/users\/1"}],"replies":[{"embeddable":true,"href":"https:\/\/www.galaxias.net.gr\/fr\/wp-json\/wp\/v2\/comments?post=13"}],"version-history":[{"count":8,"href":"https:\/\/www.galaxias.net.gr\/fr\/wp-json\/wp\/v2\/pages\/13\/revisions"}],"predecessor-version":[{"id":991,"href":"https:\/\/www.galaxias.net.gr\/fr\/wp-json\/wp\/v2\/pages\/13\/revisions\/991"}],"wp:featuredmedia":[{"embeddable":true,"href":"https:\/\/www.galaxias.net.gr\/fr\/wp-json\/wp\/v2\/media\/59"}],"wp:attachment":[{"href":"https:\/\/www.galaxias.net.gr\/fr\/wp-json\/wp\/v2\/media?parent=13"}],"curies":[{"name":"wp","href":"https:\/\/api.w.org\/{rel}","templated":true}]}}