{"id":12,"date":"2016-06-21T06:42:09","date_gmt":"2016-06-21T06:42:09","guid":{"rendered":"http:\/\/galaxias.codibee.solutions\/about-island\/"},"modified":"2019-03-28T09:52:53","modified_gmt":"2019-03-28T07:52:53","slug":"rhodes-holidays","status":"publish","type":"page","link":"https:\/\/www.galaxias.net.gr\/fr\/rhodes-holidays\/","title":{"rendered":"Vacances Rhodes"},"content":{"rendered":"<p>Vacances \u00e0 Rhodes, est une exp\u00e9rience que tout le monde devrait certainement avoir.\u00a0Soleil, des plages fabuleuses, ville m\u00e9di\u00e9vale et de nombreux h\u00f4tels et centres de vill\u00e9giature, vous feront passer d&#8217;excellentes vacances. Galaxias City H\u00f4tel veillera \u00e0 ce que vous aurez un h\u00e9bergement confortable que vous allez adorer!<\/p>\n<p>Rhodes est l&#8217;un des trois mille \u00eeles de la Gr\u00e8ce avec d&#8217;innombrables beaut\u00e9s, le tourisme impressionnant, stations baln\u00e9aires mondaines, et de nombreuses d\u00e9couvertes arch\u00e9ologiques dont vous pouvez profiter. Ces derni\u00e8res ann\u00e9es, l&#8217;augmentation du nombre de touristes nous oblige \u00e0 mettre \u00e0 jour, de noter tous les d\u00e9tails qui nous rendra diff\u00e9rente.<\/p>\n<p>Un s\u00e9jour \u00e0 Rodes est l&#8217;un des meilleurs choix.<\/p>","protected":false},"excerpt":{"rendered":"<p>Vacances \u00e0 Rhodes, est une exp\u00e9rience que tout le monde devrait certainement avoir. Soleil, des plages fabuleuses, ville m\u00e9di\u00e9vale et de nombreux h\u00f4tels et centres de vill\u00e9giature, vous feront passer d&#8217;excellentes vacances.<\/p>\n","protected":false},"author":1,"featured_media":46,"parent":0,"menu_order":0,"comment_status":"closed","ping_status":"closed","template":"","meta":{"footnotes":""},"class_list":["post-12","page","type-page","status-publish","has-post-thumbnail","hentry"],"_links":{"self":[{"href":"https:\/\/www.galaxias.net.gr\/fr\/wp-json\/wp\/v2\/pages\/12","targetHints":{"allow":["GET"]}}],"collection":[{"href":"https:\/\/www.galaxias.net.gr\/fr\/wp-json\/wp\/v2\/pages"}],"about":[{"href":"https:\/\/www.galaxias.net.gr\/fr\/wp-json\/wp\/v2\/types\/page"}],"author":[{"embeddable":true,"href":"https:\/\/www.galaxias.net.gr\/fr\/wp-json\/wp\/v2\/users\/1"}],"replies":[{"embeddable":true,"href":"https:\/\/www.galaxias.net.gr\/fr\/wp-json\/wp\/v2\/comments?post=12"}],"version-history":[{"count":6,"href":"https:\/\/www.galaxias.net.gr\/fr\/wp-json\/wp\/v2\/pages\/12\/revisions"}],"predecessor-version":[{"id":992,"href":"https:\/\/www.galaxias.net.gr\/fr\/wp-json\/wp\/v2\/pages\/12\/revisions\/992"}],"wp:featuredmedia":[{"embeddable":true,"href":"https:\/\/www.galaxias.net.gr\/fr\/wp-json\/wp\/v2\/media\/46"}],"wp:attachment":[{"href":"https:\/\/www.galaxias.net.gr\/fr\/wp-json\/wp\/v2\/media?parent=12"}],"curies":[{"name":"wp","href":"https:\/\/api.w.org\/{rel}","templated":true}]}}