{"id":1181,"date":"2020-05-05T16:57:44","date_gmt":"2020-05-05T13:57:44","guid":{"rendered":"https:\/\/www.galaxias.net.gr\/?page_id=1181"},"modified":"2020-05-18T12:15:53","modified_gmt":"2020-05-18T09:15:53","slug":"special-offers-for-frequent-customers","status":"publish","type":"page","link":"https:\/\/www.galaxias.net.gr\/fr\/special-offers-for-frequent-customers\/","title":{"rendered":"Offres pour les clients fr\u00e9quents"},"content":{"rendered":"<p>R\u00e9servez sur notre page G-Repeaters et profitez de:<\/p>\n<p>\u2713 Tarifs uniques pour les clients fr\u00e9quents.<br \/>\n\u2713\u00a0Garantie de prix inf\u00e9rieur. Dans le cas o\u00f9 vous trouvez un prix publi\u00e9 inf\u00e9rieur, encore inf\u00e9rieur au prix G-Repeater, veuillez nous le faire savoir \u00e0 SpecialRates@galaxias.net.gr. Les r\u00e9p\u00e9teurs G m\u00e9ritent et obtiennent toujours des prix uniques de notre part.<br \/>\n\u2713\u00a0En sp\u00e9cial &#8211; offre, r\u00e9servations non remboursables, aucun pr\u00e9paiement n&rsquo;est requis.<br \/>\n\u2713\u00a0D\u00e9part tardif gratuit, sous r\u00e9serve de disponibilit\u00e9.<br \/>\n\u2713\u00a010% de r\u00e9duction sur le bar de l&rsquo;h\u00f4tel.<br \/>\n\u2713\u00a0Programme Bed &amp; Bonus. Pour 10 s\u00e9jours, chaque ann\u00e9e, vous b\u00e9n\u00e9ficiez d&rsquo;un s\u00e9jour gratuit suppl\u00e9mentaire.<\/p>","protected":false},"excerpt":{"rendered":"<p>R\u00e9servez sur notre page G-Repeaters et profitez de: \u2713 Tarifs uniques pour les clients fr\u00e9quents. \u2713\u00a0Garantie de prix inf\u00e9rieur. Dans le cas o\u00f9 vous trouvez un prix publi\u00e9 inf\u00e9rieur, encore inf\u00e9rieur au prix G-Repeater, veuillez nous le faire savoir \u00e0 SpecialRates@galaxias.net.gr. Les r\u00e9p\u00e9teurs G m\u00e9ritent et obtiennent toujours des prix uniques de notre part. \u2713\u00a0En [&hellip;]<\/p>\n","protected":false},"author":14,"featured_media":1118,"parent":0,"menu_order":0,"comment_status":"closed","ping_status":"closed","template":"","meta":{"footnotes":""},"class_list":["post-1181","page","type-page","status-publish","has-post-thumbnail","hentry"],"_links":{"self":[{"href":"https:\/\/www.galaxias.net.gr\/fr\/wp-json\/wp\/v2\/pages\/1181","targetHints":{"allow":["GET"]}}],"collection":[{"href":"https:\/\/www.galaxias.net.gr\/fr\/wp-json\/wp\/v2\/pages"}],"about":[{"href":"https:\/\/www.galaxias.net.gr\/fr\/wp-json\/wp\/v2\/types\/page"}],"author":[{"embeddable":true,"href":"https:\/\/www.galaxias.net.gr\/fr\/wp-json\/wp\/v2\/users\/14"}],"replies":[{"embeddable":true,"href":"https:\/\/www.galaxias.net.gr\/fr\/wp-json\/wp\/v2\/comments?post=1181"}],"version-history":[{"count":5,"href":"https:\/\/www.galaxias.net.gr\/fr\/wp-json\/wp\/v2\/pages\/1181\/revisions"}],"predecessor-version":[{"id":1192,"href":"https:\/\/www.galaxias.net.gr\/fr\/wp-json\/wp\/v2\/pages\/1181\/revisions\/1192"}],"wp:featuredmedia":[{"embeddable":true,"href":"https:\/\/www.galaxias.net.gr\/fr\/wp-json\/wp\/v2\/media\/1118"}],"wp:attachment":[{"href":"https:\/\/www.galaxias.net.gr\/fr\/wp-json\/wp\/v2\/media?parent=1181"}],"curies":[{"name":"wp","href":"https:\/\/api.w.org\/{rel}","templated":true}]}}