{"id":8,"date":"2016-06-21T06:42:09","date_gmt":"2016-06-21T06:42:09","guid":{"rendered":"http:\/\/galaxias.codibee.solutions\/location\/"},"modified":"2019-04-17T09:23:11","modified_gmt":"2019-04-17T06:23:11","slug":"rhodes-town","status":"publish","type":"page","link":"https:\/\/www.galaxias.net.gr\/de\/rhodes-town\/","title":{"rendered":"Lage"},"content":{"rendered":"<p>Hotel Galaxias befindet sich in Rhodos am Mittelpunkt der Stadt Rhodos.<br \/>\nAuf einer gro\u00dfe Commercial Street neben Banken, Caf\u00e9, mehreren Gesch\u00e4ften aller Art, gro\u00dfen Superm\u00e4rkten usw.<br \/>\nEs liegt ganz in der N\u00e4he der katholischen Kirche von San Francis, der mittelalterlichen Stadt und der antiken Akropolis, dem antiken Stadion von Diagoras und dem Tempel des Gottes der Antike Apollon, den wichtigsten historischen Orte in der Stadt Rhodos.<br \/>\nDie Lage ist sehr geeignet f\u00fcr Leute, die diese Orte besuchen m\u00f6chten, sogar zu Fu\u00df.<br \/>\nGeeignet auch f\u00fcr Menschen, die das Auto oder Mofa gebrauchen und sich leicht bewegen m\u00f6chten, w\u00e4hrend es sich gleichzeitig auf einer Commercial Street der Stadt befindet.<br \/>\nVon Galaxias kann man sich sehr leicht auf beiden gro\u00dfen Inselstra\u00dfen bewegen: 1. Der Stra\u00dfe nach Lindos und S\u00fcd Rhodos und 2. der Stra\u00dfe zum Flughafen und Kamiros.<br \/>\nObwohl Galaxias sich in einer gro\u00dfen Commercial Street in der Stadt von Rhodos befindet, k\u00f6nnen Sie Ihr Auto \/ Mofa leicht parken. Die Stra\u00dfe bietet kostenlose und einfache Parkpl\u00e4tze fast vor dem Hotel. Und nat\u00fcrlich gibt es einen gro\u00dfen kostenlosen Parkplatz nur 50 Meter entfernt.<br \/>\nDie Lage ist ebenfalls eignet sich f\u00fcr diejenigen, die nicht von Nachtbars und Musik gest\u00f6rt werden m\u00f6chten, w\u00e4hrend sie gleichzeitig in einer Commercial Street der Stadt \u00fcbernachten m\u00f6chten.<br \/>\nDie Schwimm-Fans k\u00f6nnen die besten und ber\u00fchmtesten Str\u00e4nde der Insel von einer Bushaltestelle nur 5 Minuten zu Fu\u00df entfernt erreichen. Kristallklares Wasser an jeder Art von Strand: sandigen, felsigen, Kiesstrand, ruhigen, beliebten, atmosph\u00e4rischen. Mit Bars, Caf\u00e9, Restaurants, Musik. Kallithea, Faliraki, Anthony Quinn, Traganou, Tsampika, Agathi, Lindos und viele mehr.<br \/>\nGalaxias ist ebenfalls sehr nah zum Sportzentrum Venetoklio und, mit dem Stadtbus, ganz in der N\u00e4he von Krankenhaus von Rhodos.<br \/>\nDie Stadtbushaltestelle ist fast vor dem Hotel, nur 30 Meter entfernt.<br \/>\nMit dem Taxi k\u00f6nnen Sie fast \u00fcberall in der Stadt Rhodos mit ungef\u00e4hr 5-6 Euro hinfahren. Der Taxistand ist ca. 100m entfernt.<\/p>\n<p><a href=\"https:\/\/www.ferriesingreece.com\/de\/destinations\/ferry-to-rodos\/?aff=0websites\" target=\"_blank\" rel=\"nofollow\">Buchen Sie Ihre F\u00e4hren<\/a>\u00a0und reisen Sie nach Rhodos!!<\/p>\n<br><br><div class=\"gallery clearfix\"><div class=\"grid-sizer\"><\/div><dl class=\"gallery-item\"><dt class=\"gallery-icon\"><a href=\"https:\/\/www.galaxias.net.gr\/wp-content\/uploads\/sites\/77\/2016\/06\/Location-Galaxias-Lindos-Castle-1024x682.jpg\"><img loading=\"lazy\" decoding=\"async\" width=\"320\" height=\"213\" src=\"https:\/\/www.galaxias.net.gr\/wp-content\/uploads\/sites\/77\/2016\/06\/Location-Galaxias-Lindos-Castle-320x213.jpg\" class=\"attachment-small-mobile size-small-mobile\" alt=\"Location Galaxias the Greek monument of Lindos Castle on Rhodes Island\" srcset=\"https:\/\/www.galaxias.net.gr\/wp-content\/uploads\/sites\/77\/2016\/06\/Location-Galaxias-Lindos-Castle-320x213.jpg 320w, https:\/\/www.galaxias.net.gr\/wp-content\/uploads\/sites\/77\/2016\/06\/Location-Galaxias-Lindos-Castle-300x200.jpg 300w, https:\/\/www.galaxias.net.gr\/wp-content\/uploads\/sites\/77\/2016\/06\/Location-Galaxias-Lindos-Castle-1024x682.jpg 1024w, https:\/\/www.galaxias.net.gr\/wp-content\/uploads\/sites\/77\/2016\/06\/Location-Galaxias-Lindos-Castle-1280x853.jpg 1280w, https:\/\/www.galaxias.net.gr\/wp-content\/uploads\/sites\/77\/2016\/06\/Location-Galaxias-Lindos-Castle-680x453.jpg 680w, https:\/\/www.galaxias.net.gr\/wp-content\/uploads\/sites\/77\/2016\/06\/Location-Galaxias-Lindos-Castle-1920x1280.jpg 1920w\" sizes=\"auto, (max-width: 320px) 100vw, 320px\" \/><\/a><\/dt><\/dl><dl class=\"gallery-item\"><dt class=\"gallery-icon\"><a href=\"https:\/\/www.galaxias.net.gr\/wp-content\/uploads\/sites\/77\/2016\/06\/Distances-Galaxias-Acropolis-of-Rhodes-1024x682.jpg\"><img loading=\"lazy\" decoding=\"async\" width=\"320\" height=\"213\" src=\"https:\/\/www.galaxias.net.gr\/wp-content\/uploads\/sites\/77\/2016\/06\/Distances-Galaxias-Acropolis-of-Rhodes-320x213.jpg\" class=\"attachment-small-mobile size-small-mobile\" alt=\"Distances Galaxias the Acropolis monument of Rhodes Island\" srcset=\"https:\/\/www.galaxias.net.gr\/wp-content\/uploads\/sites\/77\/2016\/06\/Distances-Galaxias-Acropolis-of-Rhodes-320x213.jpg 320w, https:\/\/www.galaxias.net.gr\/wp-content\/uploads\/sites\/77\/2016\/06\/Distances-Galaxias-Acropolis-of-Rhodes-300x200.jpg 300w, https:\/\/www.galaxias.net.gr\/wp-content\/uploads\/sites\/77\/2016\/06\/Distances-Galaxias-Acropolis-of-Rhodes-1024x682.jpg 1024w, https:\/\/www.galaxias.net.gr\/wp-content\/uploads\/sites\/77\/2016\/06\/Distances-Galaxias-Acropolis-of-Rhodes-1280x853.jpg 1280w, https:\/\/www.galaxias.net.gr\/wp-content\/uploads\/sites\/77\/2016\/06\/Distances-Galaxias-Acropolis-of-Rhodes-680x453.jpg 680w, https:\/\/www.galaxias.net.gr\/wp-content\/uploads\/sites\/77\/2016\/06\/Distances-Galaxias-Acropolis-of-Rhodes-1920x1280.jpg 1920w\" sizes=\"auto, (max-width: 320px) 100vw, 320px\" \/><\/a><\/dt><\/dl><dl class=\"gallery-item\"><dt class=\"gallery-icon\"><a href=\"https:\/\/www.galaxias.net.gr\/wp-content\/uploads\/sites\/77\/2016\/06\/Location-Galaxias-Rodini-Park-1024x682.jpg\"><img loading=\"lazy\" decoding=\"async\" width=\"320\" height=\"213\" src=\"https:\/\/www.galaxias.net.gr\/wp-content\/uploads\/sites\/77\/2016\/06\/Location-Galaxias-Rodini-Park-320x213.jpg\" class=\"attachment-small-mobile size-small-mobile\" alt=\"Location Galaxias Rodini Park is a landmark of Rhodes Island\" srcset=\"https:\/\/www.galaxias.net.gr\/wp-content\/uploads\/sites\/77\/2016\/06\/Location-Galaxias-Rodini-Park-320x213.jpg 320w, https:\/\/www.galaxias.net.gr\/wp-content\/uploads\/sites\/77\/2016\/06\/Location-Galaxias-Rodini-Park-300x200.jpg 300w, https:\/\/www.galaxias.net.gr\/wp-content\/uploads\/sites\/77\/2016\/06\/Location-Galaxias-Rodini-Park-1024x682.jpg 1024w, https:\/\/www.galaxias.net.gr\/wp-content\/uploads\/sites\/77\/2016\/06\/Location-Galaxias-Rodini-Park-1280x853.jpg 1280w, https:\/\/www.galaxias.net.gr\/wp-content\/uploads\/sites\/77\/2016\/06\/Location-Galaxias-Rodini-Park-680x453.jpg 680w, https:\/\/www.galaxias.net.gr\/wp-content\/uploads\/sites\/77\/2016\/06\/Location-Galaxias-Rodini-Park-1920x1280.jpg 1920w\" sizes=\"auto, (max-width: 320px) 100vw, 320px\" \/><\/a><\/dt><\/dl><dl class=\"gallery-item\"><dt class=\"gallery-icon\"><a href=\"https:\/\/www.galaxias.net.gr\/wp-content\/uploads\/sites\/77\/2016\/06\/Location-Galaxias-Medieval-Town-1024x682.jpg\"><img loading=\"lazy\" decoding=\"async\" width=\"320\" height=\"213\" src=\"https:\/\/www.galaxias.net.gr\/wp-content\/uploads\/sites\/77\/2016\/06\/Location-Galaxias-Medieval-Town-320x213.jpg\" class=\"attachment-small-mobile size-small-mobile\" alt=\"Location Galaxias Exploring the picturesque Medieval Town of Rhodes Island\" srcset=\"https:\/\/www.galaxias.net.gr\/wp-content\/uploads\/sites\/77\/2016\/06\/Location-Galaxias-Medieval-Town-320x213.jpg 320w, https:\/\/www.galaxias.net.gr\/wp-content\/uploads\/sites\/77\/2016\/06\/Location-Galaxias-Medieval-Town-300x200.jpg 300w, https:\/\/www.galaxias.net.gr\/wp-content\/uploads\/sites\/77\/2016\/06\/Location-Galaxias-Medieval-Town-1024x682.jpg 1024w, https:\/\/www.galaxias.net.gr\/wp-content\/uploads\/sites\/77\/2016\/06\/Location-Galaxias-Medieval-Town-1280x853.jpg 1280w, https:\/\/www.galaxias.net.gr\/wp-content\/uploads\/sites\/77\/2016\/06\/Location-Galaxias-Medieval-Town-680x453.jpg 680w, https:\/\/www.galaxias.net.gr\/wp-content\/uploads\/sites\/77\/2016\/06\/Location-Galaxias-Medieval-Town-1920x1280.jpg 1920w\" sizes=\"auto, (max-width: 320px) 100vw, 320px\" \/><\/a><\/dt><\/dl><dl class=\"gallery-item\"><dt class=\"gallery-icon\"><a href=\"https:\/\/www.galaxias.net.gr\/wp-content\/uploads\/sites\/77\/2016\/06\/Location-Galaxias-Grand-Master-Palace-1024x682.jpg\"><img loading=\"lazy\" decoding=\"async\" width=\"320\" height=\"213\" src=\"https:\/\/www.galaxias.net.gr\/wp-content\/uploads\/sites\/77\/2016\/06\/Location-Galaxias-Grand-Master-Palace-320x213.jpg\" class=\"attachment-small-mobile size-small-mobile\" alt=\"Location Galaxias the Palace of the Grand Master of the Knights of Rhodes\" srcset=\"https:\/\/www.galaxias.net.gr\/wp-content\/uploads\/sites\/77\/2016\/06\/Location-Galaxias-Grand-Master-Palace-320x213.jpg 320w, https:\/\/www.galaxias.net.gr\/wp-content\/uploads\/sites\/77\/2016\/06\/Location-Galaxias-Grand-Master-Palace-300x200.jpg 300w, https:\/\/www.galaxias.net.gr\/wp-content\/uploads\/sites\/77\/2016\/06\/Location-Galaxias-Grand-Master-Palace-1024x682.jpg 1024w, https:\/\/www.galaxias.net.gr\/wp-content\/uploads\/sites\/77\/2016\/06\/Location-Galaxias-Grand-Master-Palace-1280x853.jpg 1280w, https:\/\/www.galaxias.net.gr\/wp-content\/uploads\/sites\/77\/2016\/06\/Location-Galaxias-Grand-Master-Palace-680x453.jpg 680w, https:\/\/www.galaxias.net.gr\/wp-content\/uploads\/sites\/77\/2016\/06\/Location-Galaxias-Grand-Master-Palace-1920x1280.jpg 1920w\" sizes=\"auto, (max-width: 320px) 100vw, 320px\" \/><\/a><\/dt><\/dl><dl class=\"gallery-item\"><dt class=\"gallery-icon\"><a href=\"https:\/\/www.galaxias.net.gr\/wp-content\/uploads\/sites\/77\/2016\/06\/Location-Galaxias-Mandraki-Harbour-1024x683.jpg\"><img loading=\"lazy\" decoding=\"async\" width=\"320\" height=\"213\" src=\"https:\/\/www.galaxias.net.gr\/wp-content\/uploads\/sites\/77\/2016\/06\/Location-Galaxias-Mandraki-Harbour-320x213.jpg\" class=\"attachment-small-mobile size-small-mobile\" alt=\"Location Galaxias Mandraki famous Port of Rhodes Island\" srcset=\"https:\/\/www.galaxias.net.gr\/wp-content\/uploads\/sites\/77\/2016\/06\/Location-Galaxias-Mandraki-Harbour-320x213.jpg 320w, https:\/\/www.galaxias.net.gr\/wp-content\/uploads\/sites\/77\/2016\/06\/Location-Galaxias-Mandraki-Harbour-300x200.jpg 300w, https:\/\/www.galaxias.net.gr\/wp-content\/uploads\/sites\/77\/2016\/06\/Location-Galaxias-Mandraki-Harbour-1024x683.jpg 1024w, https:\/\/www.galaxias.net.gr\/wp-content\/uploads\/sites\/77\/2016\/06\/Location-Galaxias-Mandraki-Harbour-1280x853.jpg 1280w, https:\/\/www.galaxias.net.gr\/wp-content\/uploads\/sites\/77\/2016\/06\/Location-Galaxias-Mandraki-Harbour-680x453.jpg 680w, https:\/\/www.galaxias.net.gr\/wp-content\/uploads\/sites\/77\/2016\/06\/Location-Galaxias-Mandraki-Harbour-1920x1280.jpg 1920w\" sizes=\"auto, (max-width: 320px) 100vw, 320px\" \/><\/a><\/dt><\/dl><dl class=\"gallery-item\"><dt class=\"gallery-icon\"><a href=\"https:\/\/www.galaxias.net.gr\/wp-content\/uploads\/sites\/77\/2016\/06\/Location-Galaxias-Tsampika-Beach-1024x683.jpg\"><img loading=\"lazy\" decoding=\"async\" width=\"320\" height=\"213\" src=\"https:\/\/www.galaxias.net.gr\/wp-content\/uploads\/sites\/77\/2016\/06\/Location-Galaxias-Tsampika-Beach-320x213.jpg\" class=\"attachment-small-mobile size-small-mobile\" alt=\"Location Galaxias Tsampika sandy Beach in Rhodes, ideal for families with children\" srcset=\"https:\/\/www.galaxias.net.gr\/wp-content\/uploads\/sites\/77\/2016\/06\/Location-Galaxias-Tsampika-Beach-320x213.jpg 320w, https:\/\/www.galaxias.net.gr\/wp-content\/uploads\/sites\/77\/2016\/06\/Location-Galaxias-Tsampika-Beach-300x200.jpg 300w, https:\/\/www.galaxias.net.gr\/wp-content\/uploads\/sites\/77\/2016\/06\/Location-Galaxias-Tsampika-Beach-1024x683.jpg 1024w, https:\/\/www.galaxias.net.gr\/wp-content\/uploads\/sites\/77\/2016\/06\/Location-Galaxias-Tsampika-Beach-1280x853.jpg 1280w, https:\/\/www.galaxias.net.gr\/wp-content\/uploads\/sites\/77\/2016\/06\/Location-Galaxias-Tsampika-Beach-680x453.jpg 680w, https:\/\/www.galaxias.net.gr\/wp-content\/uploads\/sites\/77\/2016\/06\/Location-Galaxias-Tsampika-Beach-1920x1280.jpg 1920w\" sizes=\"auto, (max-width: 320px) 100vw, 320px\" \/><\/a><\/dt><\/dl><dl class=\"gallery-item\"><dt class=\"gallery-icon\"><a href=\"https:\/\/www.galaxias.net.gr\/wp-content\/uploads\/sites\/77\/2016\/06\/Location-Galaxias-Lindos-Beach-1024x682.jpg\"><img loading=\"lazy\" decoding=\"async\" width=\"320\" height=\"213\" src=\"https:\/\/www.galaxias.net.gr\/wp-content\/uploads\/sites\/77\/2016\/06\/Location-Galaxias-Lindos-Beach-320x213.jpg\" class=\"attachment-small-mobile size-small-mobile\" alt=\"Location Galaxias the beautiful organized Lindos Beach on Rhodes Island\" srcset=\"https:\/\/www.galaxias.net.gr\/wp-content\/uploads\/sites\/77\/2016\/06\/Location-Galaxias-Lindos-Beach-320x213.jpg 320w, https:\/\/www.galaxias.net.gr\/wp-content\/uploads\/sites\/77\/2016\/06\/Location-Galaxias-Lindos-Beach-300x200.jpg 300w, https:\/\/www.galaxias.net.gr\/wp-content\/uploads\/sites\/77\/2016\/06\/Location-Galaxias-Lindos-Beach-1024x682.jpg 1024w, https:\/\/www.galaxias.net.gr\/wp-content\/uploads\/sites\/77\/2016\/06\/Location-Galaxias-Lindos-Beach-1280x853.jpg 1280w, https:\/\/www.galaxias.net.gr\/wp-content\/uploads\/sites\/77\/2016\/06\/Location-Galaxias-Lindos-Beach-680x453.jpg 680w, https:\/\/www.galaxias.net.gr\/wp-content\/uploads\/sites\/77\/2016\/06\/Location-Galaxias-Lindos-Beach-1920x1280.jpg 1920w\" sizes=\"auto, (max-width: 320px) 100vw, 320px\" \/><\/a><\/dt><\/dl><dl class=\"gallery-item\"><dt class=\"gallery-icon\"><a href=\"https:\/\/www.galaxias.net.gr\/wp-content\/uploads\/sites\/77\/2016\/06\/Location-Galaxias-Saint-Fragkiskos-576x1024.jpg\"><img loading=\"lazy\" decoding=\"async\" width=\"320\" height=\"569\" src=\"https:\/\/www.galaxias.net.gr\/wp-content\/uploads\/sites\/77\/2016\/06\/Location-Galaxias-Saint-Fragkiskos-320x569.jpg\" class=\"attachment-small-mobile size-small-mobile\" alt=\"Location Galaxias Saint Fragkiskos Chruch on Rhodes Island\" srcset=\"https:\/\/www.galaxias.net.gr\/wp-content\/uploads\/sites\/77\/2016\/06\/Location-Galaxias-Saint-Fragkiskos-320x569.jpg 320w, https:\/\/www.galaxias.net.gr\/wp-content\/uploads\/sites\/77\/2016\/06\/Location-Galaxias-Saint-Fragkiskos-169x300.jpg 169w, https:\/\/www.galaxias.net.gr\/wp-content\/uploads\/sites\/77\/2016\/06\/Location-Galaxias-Saint-Fragkiskos-576x1024.jpg 576w, https:\/\/www.galaxias.net.gr\/wp-content\/uploads\/sites\/77\/2016\/06\/Location-Galaxias-Saint-Fragkiskos-680x1209.jpg 680w, https:\/\/www.galaxias.net.gr\/wp-content\/uploads\/sites\/77\/2016\/06\/Location-Galaxias-Saint-Fragkiskos.jpg 900w\" sizes=\"auto, (max-width: 320px) 100vw, 320px\" \/><\/a><\/dt><\/dl><dl class=\"gallery-item\"><dt class=\"gallery-icon\"><a href=\"https:\/\/www.galaxias.net.gr\/wp-content\/uploads\/sites\/77\/2016\/06\/Location-Galaxias-Anthony-Quinn-Beach-576x1024.jpg\"><img loading=\"lazy\" decoding=\"async\" width=\"320\" height=\"569\" src=\"https:\/\/www.galaxias.net.gr\/wp-content\/uploads\/sites\/77\/2016\/06\/Location-Galaxias-Anthony-Quinn-Beach-320x569.jpg\" class=\"attachment-small-mobile size-small-mobile\" alt=\"Location Galaxias the famous Anthony Quinn beach on Rhodes Island\" srcset=\"https:\/\/www.galaxias.net.gr\/wp-content\/uploads\/sites\/77\/2016\/06\/Location-Galaxias-Anthony-Quinn-Beach-320x569.jpg 320w, https:\/\/www.galaxias.net.gr\/wp-content\/uploads\/sites\/77\/2016\/06\/Location-Galaxias-Anthony-Quinn-Beach-169x300.jpg 169w, https:\/\/www.galaxias.net.gr\/wp-content\/uploads\/sites\/77\/2016\/06\/Location-Galaxias-Anthony-Quinn-Beach-576x1024.jpg 576w, https:\/\/www.galaxias.net.gr\/wp-content\/uploads\/sites\/77\/2016\/06\/Location-Galaxias-Anthony-Quinn-Beach-680x1209.jpg 680w, https:\/\/www.galaxias.net.gr\/wp-content\/uploads\/sites\/77\/2016\/06\/Location-Galaxias-Anthony-Quinn-Beach.jpg 900w\" sizes=\"auto, (max-width: 320px) 100vw, 320px\" \/><\/a><\/dt><\/dl><dl class=\"gallery-item\"><dt class=\"gallery-icon\"><a href=\"https:\/\/www.galaxias.net.gr\/wp-content\/uploads\/sites\/77\/2016\/06\/Location-Galaxias-Ancient-Theatre-1024x682.jpg\"><img loading=\"lazy\" decoding=\"async\" width=\"320\" height=\"213\" src=\"https:\/\/www.galaxias.net.gr\/wp-content\/uploads\/sites\/77\/2016\/06\/Location-Galaxias-Ancient-Theatre-320x213.jpg\" class=\"attachment-small-mobile size-small-mobile\" alt=\"Location Galaxias the Ancient Theatre of Rhodes Island\" srcset=\"https:\/\/www.galaxias.net.gr\/wp-content\/uploads\/sites\/77\/2016\/06\/Location-Galaxias-Ancient-Theatre-320x213.jpg 320w, https:\/\/www.galaxias.net.gr\/wp-content\/uploads\/sites\/77\/2016\/06\/Location-Galaxias-Ancient-Theatre-300x200.jpg 300w, https:\/\/www.galaxias.net.gr\/wp-content\/uploads\/sites\/77\/2016\/06\/Location-Galaxias-Ancient-Theatre-1024x682.jpg 1024w, https:\/\/www.galaxias.net.gr\/wp-content\/uploads\/sites\/77\/2016\/06\/Location-Galaxias-Ancient-Theatre-1280x853.jpg 1280w, https:\/\/www.galaxias.net.gr\/wp-content\/uploads\/sites\/77\/2016\/06\/Location-Galaxias-Ancient-Theatre-680x453.jpg 680w, https:\/\/www.galaxias.net.gr\/wp-content\/uploads\/sites\/77\/2016\/06\/Location-Galaxias-Ancient-Theatre-1920x1280.jpg 1920w\" sizes=\"auto, (max-width: 320px) 100vw, 320px\" \/><\/a><\/dt><\/dl><dl class=\"gallery-item\"><dt class=\"gallery-icon\"><a href=\"https:\/\/www.galaxias.net.gr\/wp-content\/uploads\/sites\/77\/2016\/06\/Location-Galaxias-Monte-Smith-1024x576.jpg\"><img loading=\"lazy\" decoding=\"async\" width=\"320\" height=\"180\" src=\"https:\/\/www.galaxias.net.gr\/wp-content\/uploads\/sites\/77\/2016\/06\/Location-Galaxias-Monte-Smith-320x180.jpg\" class=\"attachment-small-mobile size-small-mobile\" alt=\"Location Galaxias Monte Smith view on Rhodes Island\" srcset=\"https:\/\/www.galaxias.net.gr\/wp-content\/uploads\/sites\/77\/2016\/06\/Location-Galaxias-Monte-Smith-320x180.jpg 320w, https:\/\/www.galaxias.net.gr\/wp-content\/uploads\/sites\/77\/2016\/06\/Location-Galaxias-Monte-Smith-300x169.jpg 300w, https:\/\/www.galaxias.net.gr\/wp-content\/uploads\/sites\/77\/2016\/06\/Location-Galaxias-Monte-Smith-1024x576.jpg 1024w, https:\/\/www.galaxias.net.gr\/wp-content\/uploads\/sites\/77\/2016\/06\/Location-Galaxias-Monte-Smith-1280x720.jpg 1280w, https:\/\/www.galaxias.net.gr\/wp-content\/uploads\/sites\/77\/2016\/06\/Location-Galaxias-Monte-Smith-680x383.jpg 680w, https:\/\/www.galaxias.net.gr\/wp-content\/uploads\/sites\/77\/2016\/06\/Location-Galaxias-Monte-Smith.jpg 1600w\" sizes=\"auto, (max-width: 320px) 100vw, 320px\" \/><\/a><\/dt><\/dl><\/div>\n<div class=\"center\">\n<div>\n   <a class=\"custom-book-room book--big button icon-none adwordsEvent\" title=\"book now\" href=\"https:\/\/galaxias.book-onlinenow.net\/\" target=\"_blank\">Book now<\/a>for the best rates and exclusive benefits\n  <\/div>\n<\/div>\n<p><\/p>","protected":false},"excerpt":{"rendered":"<p>Dieses Hotel in Rhodos befindet sich in einer zentralen Stra\u00dfe der Inselhauptstadt und es ist sehr nah zur mittelalterlichen Stadt und andere interessante Pl\u00e4tzen der Stadt, die sie zu Fu\u00df erreichen k\u00f6nnen. Seit Galaxias Hotel liegt in der Mitte von Rhodos-Stadt, fast jeden Ort in der Stadt innerhalb von 30 Minuten (h\u00f6chstens) Sie zu Fu\u00df mit einem Taxi zu besuchen, oder innerhalb von 5 Minuten (h\u00f6chstens) und nur 5 Euro.<\/p>\n","protected":false},"author":1,"featured_media":53,"parent":0,"menu_order":0,"comment_status":"closed","ping_status":"closed","template":"page_location.php","meta":{"footnotes":""},"class_list":["post-8","page","type-page","status-publish","has-post-thumbnail","hentry"],"_links":{"self":[{"href":"https:\/\/www.galaxias.net.gr\/de\/wp-json\/wp\/v2\/pages\/8","targetHints":{"allow":["GET"]}}],"collection":[{"href":"https:\/\/www.galaxias.net.gr\/de\/wp-json\/wp\/v2\/pages"}],"about":[{"href":"https:\/\/www.galaxias.net.gr\/de\/wp-json\/wp\/v2\/types\/page"}],"author":[{"embeddable":true,"href":"https:\/\/www.galaxias.net.gr\/de\/wp-json\/wp\/v2\/users\/1"}],"replies":[{"embeddable":true,"href":"https:\/\/www.galaxias.net.gr\/de\/wp-json\/wp\/v2\/comments?post=8"}],"version-history":[{"count":64,"href":"https:\/\/www.galaxias.net.gr\/de\/wp-json\/wp\/v2\/pages\/8\/revisions"}],"predecessor-version":[{"id":1021,"href":"https:\/\/www.galaxias.net.gr\/de\/wp-json\/wp\/v2\/pages\/8\/revisions\/1021"}],"wp:featuredmedia":[{"embeddable":true,"href":"https:\/\/www.galaxias.net.gr\/de\/wp-json\/wp\/v2\/media\/53"}],"wp:attachment":[{"href":"https:\/\/www.galaxias.net.gr\/de\/wp-json\/wp\/v2\/media?parent=8"}],"curies":[{"name":"wp","href":"https:\/\/api.w.org\/{rel}","templated":true}]}}