{"id":5,"date":"2016-06-21T06:42:09","date_gmt":"2016-06-21T06:42:09","guid":{"rendered":"http:\/\/galaxias.codibee.solutions\/accommodation\/"},"modified":"2019-04-17T09:19:56","modified_gmt":"2019-04-17T06:19:56","slug":"rhodes-accommodation-hotel","status":"publish","type":"page","link":"https:\/\/www.galaxias.net.gr\/de\/rhodes-accommodation-hotel\/","title":{"rendered":"Unterkunft"},"content":{"rendered":"<p>Unsere Rhodes Hotel bietet Ihnen eine ausgezeichnete Unterkunft, die Sie sicherlich genie\u00dfen werden!\u00a0Das Galaxias Hotel bietet qualitativ hochwertige Unterkunft mit hervorragendem Preis-Leistungsverh\u00e4ltnis, unter Hunderten von Hotels in Rhodos. Vielleicht das beste Preis \/ Leistungs-Hotel. Wir w\u00fcrden uns sehr freuen, Sie zu unseren zufriedenen Kunden, die uns sehr oft besuchen, mitzuz\u00e4hlen.<\/p>\n<p>Im Galaxias Hotel ist das Fr\u00fchst\u00fcck in unseren Standardpreisen enthalten. Es ist jedoch optional und gegen Aufpreis in allen nicht erstattungsf\u00e4higen Preisen und Sonderangeboten. Es ist eines unserer beliebtesten t\u00e4glichen Rituale. Es ist unsere Priorit\u00e4t, f\u00fcr unsere G\u00e4ste ganz nach ihren pers\u00f6nlichen Bed\u00fcrfnissen und Geschmack zu personalisieren. Wir m\u00f6chten, dass sie ihren Tag richtig beginnen! Deshalb bieten wir eine gro\u00dfe Auswahl an M\u00f6glichkeiten. Unsere G\u00e4ste k\u00f6nnen w\u00e4hlen, was sie wirklich w\u00fcnschen, und wann und wo sie es w\u00fcnschen: In unserem Caf\u00e9, im Garten oder sogar in ihrem Zimmer. Wir von unserer Seite garantieren, dass das Fr\u00fchst\u00fcck jeden Tag frisch, gesund und &#8211; falls gew\u00fcnscht &#8211; anders ist. Und immer zum bestm\u00f6glichen Preis!<br \/>\n<\/p>","protected":false},"excerpt":{"rendered":"<p>Unsere Rhodes Hotel bietet Ihnen eine ausgezeichnete Unterkunft, die Sie sicherlich genie\u00dfen werden! Das Galaxias Hotel bietet qualitativ hochwertige Unterkunft mit hervorragendem Preis-Leistungsverh\u00e4ltnis, unter Hunderten von Hotels in Rhodos. Vielleicht das beste Preis \/ Leistungs-Hotel.<\/p>\n","protected":false},"author":1,"featured_media":31,"parent":0,"menu_order":0,"comment_status":"closed","ping_status":"closed","template":"page_rooms.php","meta":{"footnotes":""},"class_list":["post-5","page","type-page","status-publish","has-post-thumbnail","hentry"],"_links":{"self":[{"href":"https:\/\/www.galaxias.net.gr\/de\/wp-json\/wp\/v2\/pages\/5","targetHints":{"allow":["GET"]}}],"collection":[{"href":"https:\/\/www.galaxias.net.gr\/de\/wp-json\/wp\/v2\/pages"}],"about":[{"href":"https:\/\/www.galaxias.net.gr\/de\/wp-json\/wp\/v2\/types\/page"}],"author":[{"embeddable":true,"href":"https:\/\/www.galaxias.net.gr\/de\/wp-json\/wp\/v2\/users\/1"}],"replies":[{"embeddable":true,"href":"https:\/\/www.galaxias.net.gr\/de\/wp-json\/wp\/v2\/comments?post=5"}],"version-history":[{"count":51,"href":"https:\/\/www.galaxias.net.gr\/de\/wp-json\/wp\/v2\/pages\/5\/revisions"}],"predecessor-version":[{"id":1018,"href":"https:\/\/www.galaxias.net.gr\/de\/wp-json\/wp\/v2\/pages\/5\/revisions\/1018"}],"wp:featuredmedia":[{"embeddable":true,"href":"https:\/\/www.galaxias.net.gr\/de\/wp-json\/wp\/v2\/media\/31"}],"wp:attachment":[{"href":"https:\/\/www.galaxias.net.gr\/de\/wp-json\/wp\/v2\/media?parent=5"}],"curies":[{"name":"wp","href":"https:\/\/api.w.org\/{rel}","templated":true}]}}