{"id":4,"date":"2016-06-21T06:42:09","date_gmt":"2016-06-21T06:42:09","guid":{"rendered":"http:\/\/galaxias.codibee.solutions\/home\/"},"modified":"2020-11-09T10:43:24","modified_gmt":"2020-11-09T08:43:24","slug":"home","status":"publish","type":"page","link":"https:\/\/www.galaxias.net.gr\/de\/","title":{"rendered":"Rhodes Hotel in der stadt"},"content":{"rendered":"<p><\/p>\n<h2>Sie kommen nach Rhodos!<\/h2>\n<p>&nbsp;<br \/>\nWarum sollten Sie nicht im Stadtzentrum \u00fcbernachten und einfachen Zugang zu den wichtigsten Sehensw\u00fcrdigkeiten der Insel haben?<\/p>\n<p>&nbsp;<\/p>\n<div class=\"two-col-container cdb-container\">\n<div class=\"cdb-half\">\n<p>An einer sehr zentralen Gesch\u00e4ftsstra\u00dfe mit Caf\u00e9s und Banken. <\/p>\n<p>Weit entfernt von dem nervigen Nacht-l\u00e4rm.<\/p>\n<p>Mit der M\u00f6glichkeit zum kostenlosen Parken.<\/p>\n<p>In einem ruhigen, sicheren und luxuri\u00f6sen Hotel. Entdecken Sie das Geheimnis von Galaxias, wie es uns die alten Griechen offenbart haben.<\/p>\n<p>Sie haben die M\u00f6glichkeit, sich sogar zu Fu\u00df leicht die wichtigsten Sehensw\u00fcrdig-keiten zu besuchen.<\/p>\n<p>Genie\u00dfen Sie einen Nachmittagsspazier-gang, nur 15 Minuten zu Fu\u00df, zur antiken Akropolis, zum antiken Stadion, zum an-tiken Theater, zum Tempel des Gottes Apollo und machen Sie Fotos von einen der sch\u00f6nsten Sonnenunterg\u00e4nge der \u00c4g\u00e4is.<\/p>\n<p>Entspannen Sie bei einem Glas Wein oder einem Cocktail in unserer Bar oder im Garten.<\/p>\n<\/div>\n<div class=\"cdb-half\">\n<p>Erkunden Sie in nur 10 Minuten zu Fu\u00df die lebhafte mittelalterliche Stadt mit der starken \u201ePr\u00e4senz\u201c der Ritter von St. John. Der wichtigste Treffpunkt der Stadt, aber auch der ganzen Insel! Mit einer Vielzahl von k\u00fcnstlerischen und kulturellen Veranstaltungen (Konzerte, mittelalterliche Feste)! Und mit einem pulsierenden Nachtleben, das Ihren ho-hen Erwartungen gerecht wird!<\/p>\n<p>Am Morgen, nachdem Sie Ihr Fr\u00fchst\u00fcck im Restaurant, im Garten oder auf dem Zimmer genossen haben, machen Sie sich auf und entdecken Sie die Sch\u00f6nheiten der Insel, indem Sie die Informationen nutzen, die Sie an der Rezeption erhalten haben. <\/p>\n<p>Entdecken Sie mit dem Auto oder per Bus (5 Minuten zu Fu\u00df) die ber\u00fchmtesten Str\u00e4nde der Insel.<\/p>\n<p>Jetzt mit tollen Angeboten!<\/p>\n<p>Speziell f\u00fcr unsere Mitglieder!<\/p>\n<\/div>\n<\/div>\n<p><\/p>","protected":false},"excerpt":{"rendered":"<p>Sie kommen nach Rhodos! &nbsp; Warum sollten Sie nicht im Stadtzentrum \u00fcbernachten und einfachen Zugang zu den wichtigsten Sehensw\u00fcrdigkeiten der Insel haben? &nbsp; An einer sehr zentralen Gesch\u00e4ftsstra\u00dfe mit Caf\u00e9s und Banken. Weit entfernt von dem nervigen Nacht-l\u00e4rm. Mit der M\u00f6glichkeit zum kostenlosen Parken. In einem ruhigen, sicheren und luxuri\u00f6sen Hotel. Entdecken Sie das Geheimnis [&hellip;]<\/p>\n","protected":false},"author":1,"featured_media":35,"parent":0,"menu_order":0,"comment_status":"closed","ping_status":"closed","template":"","meta":{"footnotes":""},"class_list":["post-4","page","type-page","status-publish","has-post-thumbnail","hentry"],"_links":{"self":[{"href":"https:\/\/www.galaxias.net.gr\/de\/wp-json\/wp\/v2\/pages\/4","targetHints":{"allow":["GET"]}}],"collection":[{"href":"https:\/\/www.galaxias.net.gr\/de\/wp-json\/wp\/v2\/pages"}],"about":[{"href":"https:\/\/www.galaxias.net.gr\/de\/wp-json\/wp\/v2\/types\/page"}],"author":[{"embeddable":true,"href":"https:\/\/www.galaxias.net.gr\/de\/wp-json\/wp\/v2\/users\/1"}],"replies":[{"embeddable":true,"href":"https:\/\/www.galaxias.net.gr\/de\/wp-json\/wp\/v2\/comments?post=4"}],"version-history":[{"count":52,"href":"https:\/\/www.galaxias.net.gr\/de\/wp-json\/wp\/v2\/pages\/4\/revisions"}],"predecessor-version":[{"id":1221,"href":"https:\/\/www.galaxias.net.gr\/de\/wp-json\/wp\/v2\/pages\/4\/revisions\/1221"}],"wp:featuredmedia":[{"embeddable":true,"href":"https:\/\/www.galaxias.net.gr\/de\/wp-json\/wp\/v2\/media\/35"}],"wp:attachment":[{"href":"https:\/\/www.galaxias.net.gr\/de\/wp-json\/wp\/v2\/media?parent=4"}],"curies":[{"name":"wp","href":"https:\/\/api.w.org\/{rel}","templated":true}]}}