{"id":286,"date":"2017-09-13T09:28:05","date_gmt":"2017-09-13T06:28:05","guid":{"rendered":"http:\/\/www.galaxias.net.gr\/el\/?page_id=286"},"modified":"2019-04-17T09:19:10","modified_gmt":"2019-04-17T06:19:10","slug":"events-activities","status":"publish","type":"page","link":"https:\/\/www.galaxias.net.gr\/de\/events-activities\/","title":{"rendered":"Events \/ \u0391ctivities"},"content":{"rendered":"<p>Rhodos ist eine gro\u00dfe Insel und hat eine Vielzahl von arch\u00e4ologischen und mittelalterlichen historischen St\u00e4tten, Orte von besonderem Interesse, die Sie besuchen k\u00f6nnen. Die Insel beherbergt oft kulturelle Veranstaltungen, Konzerte, Ausstellungen, Theaterauff\u00fchrungen und andere interessante Veranstaltungen. An der Rezeption des Hotels k\u00f6nnen Sie spezifische Informationen bekommen, die Insel besser kennenlernen und kulturelle Veranstaltungen eintauchen, die Ihren Urlaub interessanter machen.<\/p>\n<p>Sie k\u00f6nnen auch Informationen \u00fcber die nat\u00fcrliche Reichtum der Gegend, \u00fcber Naturreisen oder Ausfl\u00fcge in die Natur, interessante Siedlungen, malerische H\u00e4fen und benachbarten Inseln. Auch Informationen \u00fcber Aktivit\u00e4ten wie Windsurfen, Tauchen, Wasserski, Offroad-Fahren etc. sind vorhanden.<\/p>","protected":false},"excerpt":{"rendered":"<p>Rhodos ist eine gro\u00dfe Insel und hat eine Vielzahl von arch\u00e4ologischen und mittelalterlichen historischen St\u00e4tten, Orte von besonderem Interesse, die Sie besuchen k\u00f6nnen. Die Insel beherbergt oft kulturelle Veranstaltungen, Konzerte, Ausstellungen, Theaterauff\u00fchrungen und andere interessante Veranstaltungen. An der Rezeption des Hotels k\u00f6nnen Sie spezifische Informationen bekommen, die Insel besser kennenlernen und kulturelle Veranstaltungen eintauchen, die [&hellip;]<\/p>\n","protected":false},"author":82,"featured_media":26,"parent":0,"menu_order":0,"comment_status":"closed","ping_status":"closed","template":"","meta":{"footnotes":""},"class_list":["post-286","page","type-page","status-publish","has-post-thumbnail","hentry"],"_links":{"self":[{"href":"https:\/\/www.galaxias.net.gr\/de\/wp-json\/wp\/v2\/pages\/286","targetHints":{"allow":["GET"]}}],"collection":[{"href":"https:\/\/www.galaxias.net.gr\/de\/wp-json\/wp\/v2\/pages"}],"about":[{"href":"https:\/\/www.galaxias.net.gr\/de\/wp-json\/wp\/v2\/types\/page"}],"author":[{"embeddable":true,"href":"https:\/\/www.galaxias.net.gr\/de\/wp-json\/wp\/v2\/users\/82"}],"replies":[{"embeddable":true,"href":"https:\/\/www.galaxias.net.gr\/de\/wp-json\/wp\/v2\/comments?post=286"}],"version-history":[{"count":15,"href":"https:\/\/www.galaxias.net.gr\/de\/wp-json\/wp\/v2\/pages\/286\/revisions"}],"predecessor-version":[{"id":1017,"href":"https:\/\/www.galaxias.net.gr\/de\/wp-json\/wp\/v2\/pages\/286\/revisions\/1017"}],"wp:featuredmedia":[{"embeddable":true,"href":"https:\/\/www.galaxias.net.gr\/de\/wp-json\/wp\/v2\/media\/26"}],"wp:attachment":[{"href":"https:\/\/www.galaxias.net.gr\/de\/wp-json\/wp\/v2\/media?parent=286"}],"curies":[{"name":"wp","href":"https:\/\/api.w.org\/{rel}","templated":true}]}}