{"id":20,"date":"2016-06-21T06:42:09","date_gmt":"2016-06-21T06:42:09","guid":{"rendered":"http:\/\/galaxias.codibee.solutions\/extra-page-two\/"},"modified":"2024-07-15T12:09:06","modified_gmt":"2024-07-15T09:09:06","slug":"hotel-policies","status":"publish","type":"page","link":"https:\/\/www.galaxias.net.gr\/de\/hotel-policies\/","title":{"rendered":"Hotelrichtlinien"},"content":{"rendered":"<p>Bitte lesen Sie sorgf\u00e4ltig die Richtlinien des Hotel Galaxias.<\/p>\n<p><strong>Preispolitik:<\/strong> Zimmerpreise sind Preise nur f\u00fcr das Zimmer und sind abh\u00e4ngig von der gew\u00e4hlten Zeit, der Verf\u00fcgbarkeit und Dauer des Aufenthalts. Fr\u00fchst\u00fcck ist gegen Aufpreis m\u00f6glich. Sehr oft bieten wir Rabattangebote an, die nicht erstattungsf\u00e4hig sind und im Voraus mit Bankeinlagen oder per Kreditkarte bezahlt werden m\u00fcssen.<\/p>\n<p><strong>Alterspolitik:<\/strong> S\u00e4uglinge: 0-6 Jahre alt. Kinder: 6 &#8211; 12 Jahre alt. Erwachsene: 13 + Jahre alt.<br \/>\nS\u00e4uglinge (0-6) \u00fcbernachten kostenlos, wenn sie das Bett ihrer Eltern benutzen. Ansonsten werden sie als Kinder berechnet.<br \/>\nKinder (6-12) zahlen 15 Euro pro Nacht f\u00fcr ein Zustellbett.<br \/>\nErwachsene (13+) zahlen 15 Euro pro Nacht f\u00fcr ein Zustellbett.<\/p>\n<p><strong>Nicht erstattungsf\u00e4hige Preise \/ Rabatt-Angebote:<\/strong> Nicht erstattungsf\u00e4hige Preise oder Rabatt-Angebote sind spezielle niedrigere Preise die zum Zeitpunkt der Buchung, ohne die M\u00f6glichkeit der Gelderstattung gezahlt werden.<\/p>\n<p><strong>Zustellbett \/ Extra-Person:<\/strong> Ein Zustellbett im Zimmer wird mit 15 Euro pro Tag belastet, wenn es ein Kind bis zum Alter von 12 Jahren betrifft.<br \/>\nF\u00fcr Erwachsene (13+ Jahre alt) wird das Exra-Bett mit 15 Euro pro Tag belastet.<br \/>\nZustellbetten k\u00f6nnen nur zu Doppelzimmern hinzugef\u00fcgt werden, so dass diese in Dreibettzimmer umgewandelt werden. Es gibt keine weiteren Optionen.<\/p>\n<p><strong>Buchungsbest\u00e4tigung:<\/strong> Der Kunde muss auf unserem Bankkonto die vom System bestimmte Vorauszahlung (f\u00fcr den normalen Zimmerpreis) oder den Gesamtbetrag (f\u00fcr nicht erstattungsf\u00e4hige Angebote oder ein Rabattangebot) einzahlen. Alternativ kann er seine Kreditkarte benutzen. Nur dann ist die Buchung g\u00fcltig.<\/p>\n<p><strong>Stornobedingungen:<\/strong>Wenn die Stornierung 14 Tage vor dem Ankunftstag erfolgt, wird dem Kunden das f\u00fcr die ausgew\u00e4hlte Reservierung bereitgestellte Geld zur\u00fcckerstattet. Wenn die Stornierung weniger als 14 Tage vor der Ankunft erfolgt, werden 50% des Betrags zur\u00fcckerstattet. Wenn der Kunde nicht erscheint, wird kein Geld zur\u00fcckgegeben. Bei nicht erstattungsf\u00e4higen Buchungen oder Rabattangeboten gibt es keine Option zum Stornieren oder \u00c4ndern oder zur R\u00fcckerstattung.<\/p>\n<p><strong>Sonderw\u00fcnsche:<\/strong> Wir tun unser Bestes, bis zur letzten Minute, um Ihren W\u00fcnschen nachzukommen. Wenn sie nicht erf\u00fcllen werden k\u00f6nnen, bieten wird alles verf\u00fcgbare an. Zum Beispiel k\u00f6nnen wir Einzelbette anstelle eines Doppelbettes gew\u00e4hren, Zimmer an einem anderen Stock oder Stelle des Geb\u00e4udes anbieten usw.<\/p>\n<p><strong>Non-Show-Kunde:<\/strong> Im Falle eines Non-Show-Kundens bis 24:00 Uhr wird die Buchung ohne R\u00fcckerstattung des Geldbetrages storniert, es sei denn, der Kunde hat das Hotel \u00fcber die versp\u00e4tete Ankunftszeit informiert.<\/p>\n<p><strong>Check-in:<\/strong> Der Check-In beginnt um 15:00 Uhr. Sie k\u00f6nnen sich direkt mit der Rezeption in Kontakt setzen, ob Ihr Zimmer fr\u00fcher bereit sein kann.<\/p>\n<p><strong>Check out:<\/strong> Der Check Out geschieht sp\u00e4testens um 11:00 Uhr. Sie k\u00f6nnen direkt mit der Rezeption in Kontakt setzen, ob das Zimmer f\u00fcr ein Late Check Out zur Verf\u00fcgung steht.<\/p>\n<p><strong>Late Check-Out:<\/strong> Wenn die M\u00f6glichkeit besteht, aufgrund unserer Reservierungen, wird ein Aufpreis von 50% des Zimmerpreises f\u00fcr eine Abreise zwischen 12:00 bis 18:00 Uhr berechnet. Nach 18:00 Uhr werden sie mit 100% des Zimmerpreises belastet.<\/p>\n<p><strong>Besucherpolitik:<\/strong> Eine Person kann ein Zimmer nur besuchen, wenn der Kunde danach fragt und wenn er seinen Personalausweis an der Rezeption hinterl\u00e4st.<br \/>\nEin Besucher, der mehr als 30 Minuten oder nach 23:00 Uhr im Zimmer bleibt oder ein Besucher, der die Zimmerausstattung (Bettw\u00e4sche, Bett, WC usw.) benutzt, gilt als Zustellbett und wird daf\u00fcr belastet, Mindestens 15 euro pro Tag \/ Nacht. Besucher sind Personen, die nicht in der Reservierung enthalten sind, und Besucherpreise haben nichts mit Reservierungsgeb\u00fchren oder Sonderangeboten zu tun.<\/p>\n<p><strong>Rauchen:<\/strong> Rauchen ist im Zimmer oder im Hotel NICHT erlaubt. Es ist streng verboten. Der Gast wird mindestens mit 150 Euro f\u00fcr zus\u00e4tzliche Reinigungskosten belastet und aus dem Zimmer vertrieben, falls wir Rauch- \/ Geruchspuren im Raum finden. Ebenfalls erheben wird  mit Sicherheit finanziellen Verlust, wenn sich der n\u00e4chste Kunde weigert, das Zimmer aufgrund von Rauch- \/ Geruchsspuren zu benutzen.<\/p>\n<p><strong>Essen im Zimmer:<\/strong> Im Zimmer ist kein Essen erlaubt. Wir berechnen mindestens 150 Euro extra f\u00fcr zus\u00e4tzliche Reinigungszwecke, falls wir im Zimmer Nahrungsspuren \/ Geruch finden, und wir erheben wird  mit Sicherheit finanziellen Verlust, wenn sich der n\u00e4chste Kunde weigert, das Zimmer aufgrund von Essgeruch zu benutzen. Ebenfalls wird der Kunde aus dem Zimmer vertrieben.<\/p>\n<p><strong>Speisen \/ Getr\u00e4nke:<\/strong> Unsere Kunden sind nicht verpflichtet, Speisen \/ Getr\u00e4nke aus unserem Restaurant \/ Bar zu konsumieren. Unseren Kunden ist es jedoch nicht gestattet, den Hotelbereich, die Einrichtungen und Einrichtungen f\u00fcr Speisen \/ Getr\u00e4nke von anderen Unternehmen zu nutzen.<\/p>\n<p><strong>Haustiere:<\/strong> Nicht erlaubt.<\/p>\n<p><strong>Zimmerm\u00f6blierung &amp; -bekleidung:<\/strong> Wir k\u00f6nnen nicht die Farbe der M\u00f6blierung oder de Bekleidung des Zimmers garantieren. Sie kann sich variieren.<\/p>\n<p><strong>Benutzung der K\u00fcchenzeile:<\/strong> Wir versuchen immer, unsere Preise so niedrig wie m\u00f6glich zu halten und erzielen somit eine ausgezeichnetes Preis-Leistungs-Verh\u00e4ltnis. Somit ist die Benutzung der K\u00fcchenzeile, wenn sie im Zimmer vorhanden ist, ist nicht im Zimmerpreis enthalten, denn das Zimmerm\u00e4dchen braucht eine l\u00e4ngere Reinigungszeit. Und die meisten Kunden brauchen sie nicht. Wenn Sie Gebrauch dieses Services haben m\u00f6chten, m\u00fcssen Sie einen Aufpreis von nur 5 Euro pro Tag, f\u00fcr ALLE Tage des Aufenthalts zahlen. Ansonsten berechnen wir 10 Euro f\u00fcr jeden einzelnen Tag. Mit diesem Service stellen wir einen Kessel, Teller, Besteck, Tassen, Gl\u00e4ser, einen kleiner Topf (zum kochen eines Eis oder Milch), Kaffee \/ Tee und Zucker f\u00fcr die Tage des Aufenthalts zur Verf\u00fcgung. Ausstattung zum Fr\u00fchst\u00fcck oder leichte Speisen. Das Kochen ist NICHT erlaubt.<br \/>\n<\/p>","protected":false},"excerpt":{"rendered":"<p>Bitte lesen Sie sorgf\u00e4ltig die Richtlinien des Hotel Galaxias. Preispolitik: Zimmerpreise sind Preise nur f\u00fcr das Zimmer und sind abh\u00e4ngig von der gew\u00e4hlten Zeit, der Verf\u00fcgbarkeit und Dauer des Aufenthalts. Fr\u00fchst\u00fcck ist gegen Aufpreis m\u00f6glich. Sehr oft bieten wir Rabattangebote an, die nicht erstattungsf\u00e4hig sind und im Voraus mit Bankeinlagen oder per Kreditkarte bezahlt werden [&hellip;]<\/p>\n","protected":false},"author":1,"featured_media":62,"parent":0,"menu_order":0,"comment_status":"closed","ping_status":"closed","template":"","meta":{"footnotes":""},"class_list":["post-20","page","type-page","status-publish","has-post-thumbnail","hentry"],"_links":{"self":[{"href":"https:\/\/www.galaxias.net.gr\/de\/wp-json\/wp\/v2\/pages\/20","targetHints":{"allow":["GET"]}}],"collection":[{"href":"https:\/\/www.galaxias.net.gr\/de\/wp-json\/wp\/v2\/pages"}],"about":[{"href":"https:\/\/www.galaxias.net.gr\/de\/wp-json\/wp\/v2\/types\/page"}],"author":[{"embeddable":true,"href":"https:\/\/www.galaxias.net.gr\/de\/wp-json\/wp\/v2\/users\/1"}],"replies":[{"embeddable":true,"href":"https:\/\/www.galaxias.net.gr\/de\/wp-json\/wp\/v2\/comments?post=20"}],"version-history":[{"count":79,"href":"https:\/\/www.galaxias.net.gr\/de\/wp-json\/wp\/v2\/pages\/20\/revisions"}],"predecessor-version":[{"id":1414,"href":"https:\/\/www.galaxias.net.gr\/de\/wp-json\/wp\/v2\/pages\/20\/revisions\/1414"}],"wp:featuredmedia":[{"embeddable":true,"href":"https:\/\/www.galaxias.net.gr\/de\/wp-json\/wp\/v2\/media\/62"}],"wp:attachment":[{"href":"https:\/\/www.galaxias.net.gr\/de\/wp-json\/wp\/v2\/media?parent=20"}],"curies":[{"name":"wp","href":"https:\/\/api.w.org\/{rel}","templated":true}]}}