{"id":19,"date":"2016-06-21T06:42:09","date_gmt":"2016-06-21T06:42:09","guid":{"rendered":"http:\/\/galaxias.codibee.solutions\/extra-page-one\/"},"modified":"2019-03-28T09:50:07","modified_gmt":"2019-03-28T07:50:07","slug":"hotel-distances","status":"publish","type":"page","link":"https:\/\/www.galaxias.net.gr\/de\/hotel-distances\/","title":{"rendered":"Entfernungen"},"content":{"rendered":"<p>Entfernungen vom Hotel Galaxias, Stadt von Rhodos<br \/>\n\u2022\tAntike Stadt: 10-15 Minuten zu Fu\u00df<br \/>\n\u2022\tKirche von St Francis Church : 10 &#8211; 15 Minuten zu Fu\u00df<br \/>\n\u2022\tAntike Akropolis : 15 Minuten zu Fu\u00df<br \/>\n\u2022\tAntikes Stadium: 15 Minuten zu Fu\u00df<br \/>\n\u2022\tTempel des Gottes der Antike Apollon: 20 Minuten zu Fu\u00df<br \/>\n\u2022\tStr\u00e4nde (in der Stadt) : 20 &#8211; 25 Minuten zu Fu\u00df, 4 &#8211; 5 Minuten mit dem Auto \/ Mofa<br \/>\n\u2022\tBeste Str\u00e4nde der Insel: 5 Minuten zu Fu\u00df zum Bus f\u00fcr die besten und ber\u00fchmtesten Str\u00e4nde der Insel: \u039aalithea, Anthony Quinn, Faliraki, Traganou, Tsampika, Lindos usw.<br \/>\n\u2022\tRodini Park: 25 Minuten zu Fu\u00df<br \/>\n\u2022\tUniversit\u00e4t : 10 Minuten zu Fu\u00df<br \/>\n\u2022\tSupermarkt Carefour: 5 Minuten zu Fu\u00df<br \/>\n\u2022\tSupermarkt My Market: 5 Minuten zu Fu\u00df<br \/>\n\u2022\tFu\u00dfballstadiom 5o0m<br \/>\n\u2022\tSportzentrum Venetoklio: 5 Minuten zu Fu\u00df<br \/>\n\u2022\tKrankenhaus: 2 km<br \/>\n\u2022\tFlughafen: 15 km (au\u00dferhalb der Stadt)<br \/>\n\u2022\tHafen: 2 km<br \/>\n\u2022\tTaxistand: 100 m<br \/>\n\u2022\tStadtbushaltestelle: 30 m<br \/>\n\u2022\tParkplatz: Kostenlos auf der Stra\u00dfe, fast vor dem Hotel und kostenloser Parkplatz fast gegen\u00fcber dem Hotel, ungef\u00e4hr 50 Meter entfernt.<\/p>\n<\/ul>\n<p><\/p>","protected":false},"excerpt":{"rendered":"<p>Unser Rhodes Hotel befindet sich in der Mitte der Stadt! Landkarte mit Hotels auf Rhodos. Hotel Galaxias befindet sich in der Mitte der Stadt von Rhodos. Sie k\u00f6nnen alles auch zu Fu\u00df erreichen. Gehen Sie zum Strand von Zefyros in ungef\u00e4hr 20 Minuten. Und bis zur mittelalterlichen Stadt sind es ungef\u00e4hr 15 Minuten.<\/p>\n","protected":false},"author":1,"featured_media":24,"parent":0,"menu_order":0,"comment_status":"closed","ping_status":"closed","template":"","meta":{"footnotes":""},"class_list":["post-19","page","type-page","status-publish","has-post-thumbnail","hentry"],"_links":{"self":[{"href":"https:\/\/www.galaxias.net.gr\/de\/wp-json\/wp\/v2\/pages\/19","targetHints":{"allow":["GET"]}}],"collection":[{"href":"https:\/\/www.galaxias.net.gr\/de\/wp-json\/wp\/v2\/pages"}],"about":[{"href":"https:\/\/www.galaxias.net.gr\/de\/wp-json\/wp\/v2\/types\/page"}],"author":[{"embeddable":true,"href":"https:\/\/www.galaxias.net.gr\/de\/wp-json\/wp\/v2\/users\/1"}],"replies":[{"embeddable":true,"href":"https:\/\/www.galaxias.net.gr\/de\/wp-json\/wp\/v2\/comments?post=19"}],"version-history":[{"count":23,"href":"https:\/\/www.galaxias.net.gr\/de\/wp-json\/wp\/v2\/pages\/19\/revisions"}],"predecessor-version":[{"id":988,"href":"https:\/\/www.galaxias.net.gr\/de\/wp-json\/wp\/v2\/pages\/19\/revisions\/988"}],"wp:featuredmedia":[{"embeddable":true,"href":"https:\/\/www.galaxias.net.gr\/de\/wp-json\/wp\/v2\/media\/24"}],"wp:attachment":[{"href":"https:\/\/www.galaxias.net.gr\/de\/wp-json\/wp\/v2\/media?parent=19"}],"curies":[{"name":"wp","href":"https:\/\/api.w.org\/{rel}","templated":true}]}}