{"id":13,"date":"2016-06-21T06:42:09","date_gmt":"2016-06-21T06:42:09","guid":{"rendered":"http:\/\/galaxias.codibee.solutions\/about-village\/"},"modified":"2019-03-28T09:52:12","modified_gmt":"2019-03-28T07:52:12","slug":"rhodos-rooms","status":"publish","type":"page","link":"https:\/\/www.galaxias.net.gr\/de\/rhodos-rooms\/","title":{"rendered":"Billiges Hotel Rodos"},"content":{"rendered":"<p>G\u00fcnstiges Stadthotel in Rhodos Griechenland mit ausgezeichneter Qualit\u00e4t.\u00a0Die niedrigen Preise in Verbindung mit Komfort und Luxus bieten wir unseren Kunden vereinbaren wir die so genannte g\u00fcnstiges Hotel von Rhodos.<\/p>\n<p>Viele glauben, dass die Stadt-Hotels im Vergleich zu den Annehmlichkeiten, die sie bieten, oder fast aufgegeben sind entweder finanziell zur\u00fcckhaltend.<\/p>\n<p>Dies gilt nicht f\u00fcr <strong>Galaxias Unterkunft<\/strong> gelten, da es bietet Qualit\u00e4t und Sch\u00f6nheit.<\/p>\n<p>Seine ideale Lage, der Komfort, die sch\u00f6ne Umgebung &#8230; Sie werden sicherlich genie\u00dfen Sie Ihren Aufenthalt und Ihren Urlaub auf unserer Insel.<\/p>","protected":false},"excerpt":{"rendered":"<p>G\u00fcnstiges Stadthotel in Rhodos Griechenland mit ausgezeichneter Qualit\u00e4t. Die niedrigen Preise in Verbindung mit Komfort und Luxus bieten wir unseren Kunden vereinbaren wir die so genannte g\u00fcnstiges Hotel von Rhodos.<\/p>\n","protected":false},"author":1,"featured_media":59,"parent":0,"menu_order":0,"comment_status":"closed","ping_status":"closed","template":"","meta":{"footnotes":""},"class_list":["post-13","page","type-page","status-publish","has-post-thumbnail","hentry"],"_links":{"self":[{"href":"https:\/\/www.galaxias.net.gr\/de\/wp-json\/wp\/v2\/pages\/13","targetHints":{"allow":["GET"]}}],"collection":[{"href":"https:\/\/www.galaxias.net.gr\/de\/wp-json\/wp\/v2\/pages"}],"about":[{"href":"https:\/\/www.galaxias.net.gr\/de\/wp-json\/wp\/v2\/types\/page"}],"author":[{"embeddable":true,"href":"https:\/\/www.galaxias.net.gr\/de\/wp-json\/wp\/v2\/users\/1"}],"replies":[{"embeddable":true,"href":"https:\/\/www.galaxias.net.gr\/de\/wp-json\/wp\/v2\/comments?post=13"}],"version-history":[{"count":8,"href":"https:\/\/www.galaxias.net.gr\/de\/wp-json\/wp\/v2\/pages\/13\/revisions"}],"predecessor-version":[{"id":991,"href":"https:\/\/www.galaxias.net.gr\/de\/wp-json\/wp\/v2\/pages\/13\/revisions\/991"}],"wp:featuredmedia":[{"embeddable":true,"href":"https:\/\/www.galaxias.net.gr\/de\/wp-json\/wp\/v2\/media\/59"}],"wp:attachment":[{"href":"https:\/\/www.galaxias.net.gr\/de\/wp-json\/wp\/v2\/media?parent=13"}],"curies":[{"name":"wp","href":"https:\/\/api.w.org\/{rel}","templated":true}]}}