{"id":12,"date":"2016-06-21T06:42:09","date_gmt":"2016-06-21T06:42:09","guid":{"rendered":"http:\/\/galaxias.codibee.solutions\/about-island\/"},"modified":"2019-03-28T09:52:53","modified_gmt":"2019-03-28T07:52:53","slug":"rhodes-holidays","status":"publish","type":"page","link":"https:\/\/www.galaxias.net.gr\/de\/rhodes-holidays\/","title":{"rendered":"G\u00fcnstig Rhodos Urlaub"},"content":{"rendered":"<p>Urlaub in Rhodos ist eine der besten Entscheidungen.\u00a0Blendende Sonne, sch\u00f6ne Str\u00e4nde, mittelalterliche Stadt und viele Hotels und Resorts, Sie werden fantastische Zeit zu verbringen. Galaxias City Hotel wird sicherstellen, dass Sie eine gem\u00fctliche Unterkunft zu haben!<\/p>\n<p>Rhodos ist eine der etwa dreitausend Inseln von Griechenland mit unz\u00e4hligen Sch\u00f6nheiten, atemberaubende Sehensw\u00fcrdigkeiten, mond\u00e4ne Badeorte und viele arch\u00e4ologische Funde, die Sie sicher genie\u00dfen Sie Ihren Urlaub. In den letzten Jahren ist die Zunahme der Zahl der Touristen, die uns zwingt, zu verbessern und achten auf jedes Detail.<\/p>\n<p>Ein ferien in Rhodes ist ein Erlebnis, dass jeder sollte in jedem Fall haben.<\/p>","protected":false},"excerpt":{"rendered":"<p>Urlaub in Rhodos ist eine der besten Entscheidungen. Blendende Sonne, sch\u00f6ne Str\u00e4nde, mittelalterliche Stadt und viele Hotels und Resorts, Sie werden fantastische Zeit zu verbringen. Galaxias City Hotel wird sicherstellen, dass Sie eine gem\u00fctliche Unterkunft zu haben!<\/p>\n","protected":false},"author":1,"featured_media":46,"parent":0,"menu_order":0,"comment_status":"closed","ping_status":"closed","template":"","meta":{"footnotes":""},"class_list":["post-12","page","type-page","status-publish","has-post-thumbnail","hentry"],"_links":{"self":[{"href":"https:\/\/www.galaxias.net.gr\/de\/wp-json\/wp\/v2\/pages\/12","targetHints":{"allow":["GET"]}}],"collection":[{"href":"https:\/\/www.galaxias.net.gr\/de\/wp-json\/wp\/v2\/pages"}],"about":[{"href":"https:\/\/www.galaxias.net.gr\/de\/wp-json\/wp\/v2\/types\/page"}],"author":[{"embeddable":true,"href":"https:\/\/www.galaxias.net.gr\/de\/wp-json\/wp\/v2\/users\/1"}],"replies":[{"embeddable":true,"href":"https:\/\/www.galaxias.net.gr\/de\/wp-json\/wp\/v2\/comments?post=12"}],"version-history":[{"count":6,"href":"https:\/\/www.galaxias.net.gr\/de\/wp-json\/wp\/v2\/pages\/12\/revisions"}],"predecessor-version":[{"id":992,"href":"https:\/\/www.galaxias.net.gr\/de\/wp-json\/wp\/v2\/pages\/12\/revisions\/992"}],"wp:featuredmedia":[{"embeddable":true,"href":"https:\/\/www.galaxias.net.gr\/de\/wp-json\/wp\/v2\/media\/46"}],"wp:attachment":[{"href":"https:\/\/www.galaxias.net.gr\/de\/wp-json\/wp\/v2\/media?parent=12"}],"curies":[{"name":"wp","href":"https:\/\/api.w.org\/{rel}","templated":true}]}}